{"id":7360,"date":"2026-04-13T11:42:41","date_gmt":"2026-04-13T03:42:41","guid":{"rendered":"https:\/\/www.qcygroup.com\/?post_type=product&#038;p=7360"},"modified":"2026-04-14T14:02:51","modified_gmt":"2026-04-14T06:02:51","slug":"qcy-t13","status":"publish","type":"product","link":"https:\/\/www.qcygroup.com\/index.php\/product\/qcy-t13\/","title":{"rendered":"QCY T13"},"content":{"rendered":"<div class=\"d-flex flex-column align-items-center justify-content-center\">\n<h5 class=\"title_description_init\">Conhe\u00e7a mais sobre o QCY T13<\/h5>\n<div class=\"d-flex justify-content-between align-items-center gap-10 container_anchors\"><a href=\"https:\/\/www.qcybrasil.com\/produtos\/qcy-t13\/#visao-geral\">Vis\u00e3o geral<\/a><a href=\"https:\/\/www.qcybrasil.com\/produtos\/qcy-t13\/#especificacoes\">Especifica\u00e7\u00f5es t\u00e9cnicas<\/a><\/div>\n<\/div>\n<div class=\"container\" data-short-description=\"\">\n<div class=\"container_short_description\">O QCY T13 possui 4 microfones com cancelamento de ru\u00eddo para proporcionar liga\u00e7\u00f5es muito mais claras mesmo em ambientes barulhentos. Al\u00e9m disso conta com a tecnologia ENC onde um algoritmo faz digitalmente o c\u00e1lculo para cancelar ru\u00eddos indesejados.<\/p>\n<p>A bateria do T13 possui carregamento r\u00e1pido (Quick Charge) e dura\u00e7\u00e3o para o dia todo com at\u00e9 8hs com uma \u00fanica carga. Utilizando com o estojo carregado, ser\u00e3o at\u00e9 40 horas de uso sem precisar de tomada. Com apenas 5 minutos de carga \u00e9 poss\u00edvel ouvir m\u00fasica por at\u00e9 uma hora.<\/p>\n<p>O seu driver de 7.2mm proporciona graves poderosos e n\u00edtidos, proporcionando uma experi\u00eancia totalmente imersiva com a tecnologia HIFI.<\/p>\n<p>O Bluetooth vers\u00e3o 5.1 proporciona uma conex\u00e3o mais r\u00e1pida e est\u00e1vel. O pareamento acontece muito rapidamente com Pop Up na tela do celular.<\/p>\n<p>O QCY T13 \u00e9 totalmente compat\u00edvel com o Aplicativo QCY para customiza\u00e7\u00e3o de seus controles e fun\u00e7\u00f5es.<\/p>\n<p>O modo noturno (Sleep Mode) desativa os controles por toque para evitar opera\u00e7\u00f5es indesejadas.<\/p>\n<p>Cada fone pode ser usado de forma separada (modo MONO) e juntos no modo est\u00e9reo.<\/p>\n<p><strong>Especifica\u00e7\u00f5es:<\/strong><\/p>\n<p>Driver: Driver din\u00e2mico de 7,2 mm<br \/>\nChipset: Jieli AD6976D<br \/>\nMicrofone: 4, redu\u00e7\u00e3o de ru\u00eddo ENC, amplifica\u00e7\u00e3o de microfone e cancelamento de eco<br \/>\nControle de Volume: Sim, atrav\u00e9s do aplicativo QCY<br \/>\nCodecs: AAC, SBC<br \/>\nPeso do fone de ouvido: 6,34g<br \/>\nPeso bruto do estojo com os fones: 48,15g<br \/>\nDimens\u00f5es do fone de ouvido: comprimento da haste de 29 mm, profundidade de 24 mm com bico<br \/>\nDimens\u00f5es da caixa: 54 mm de largura, 54 mm de profundidade, 28 mm de altura<br \/>\nCapacidade de carga da caixa: 380mAh<br \/>\nTempo de carga total: 120 minutos<br \/>\nCarregamento r\u00e1pido: Sim<br \/>\nEntrada: 5V 400mA<br \/>\nCarregamento sem fio: N\u00e3o<br \/>\nTempo de reprodu\u00e7\u00e3o de uso \u00fanico: at\u00e9 8 horas<br \/>\nTempo de reprodu\u00e7\u00e3o com estojo de carregamento: at\u00e9 40 horas<br \/>\nAlcance do Bluetooth: Bluetooth\u00ae 5.1\/10m<br \/>\nProtocolos Bluetooth: HFP 1.7\/A2DP 1.3\/AVRCP 1.5<br \/>\nResist\u00eancia \u00e0 \u00e1gua: IPX5<\/p>\n<p><strong>Conte\u00fado da Caixa<\/strong><\/p>\n<p>1x Par de Fones de Ouvido QCY T13 ENC;<br \/>\n1x Estojo Carregador;<br \/>\n2x Pares de Ponteiras Extras (P e G);<br \/>\n1x Cabo para carregamento USB-C;<br \/>\n1x Manual do Usu\u00e1rio em Portugu\u00eas.<\/p><\/div>\n<\/div>\n","protected":false},"excerpt":{"rendered":"<p>Conhe\u00e7a mais sobre o QCY T13 Vis\u00e3o geralEspecifica\u00e7\u00f5es t\u00e9cnicas O QCY T13 possui 4 microfones com cancelamento de ru\u00eddo para proporcionar liga\u00e7\u00f5es muito mais claras mesmo em ambientes barulhentos. Al\u00e9m disso conta com a tecnologia ENC onde um algoritmo faz digitalmente o c\u00e1lculo para cancelar ru\u00eddos indesejados. A bateria do T13 possui carregamento r\u00e1pido (Quick [&hellip;]<\/p>\n","protected":false},"featured_media":7361,"comment_status":"open","ping_status":"closed","template":"","meta":[],"product_brand":[],"product_cat":[92],"product_tag":[],"class_list":{"0":"post-7360","1":"product","2":"type-product","3":"status-publish","4":"has-post-thumbnail","6":"product_cat-earbuds","8":"first","9":"instock","10":"sale","11":"shipping-taxable","12":"purchasable","13":"product-type-variable"},"_links":{"self":[{"href":"https:\/\/www.qcygroup.com\/index.php\/wp-json\/wp\/v2\/product\/7360","targetHints":{"allow":["GET"]}}],"collection":[{"href":"https:\/\/www.qcygroup.com\/index.php\/wp-json\/wp\/v2\/product"}],"about":[{"href":"https:\/\/www.qcygroup.com\/index.php\/wp-json\/wp\/v2\/types\/product"}],"replies":[{"embeddable":true,"href":"https:\/\/www.qcygroup.com\/index.php\/wp-json\/wp\/v2\/comments?post=7360"}],"wp:featuredmedia":[{"embeddable":true,"href":"https:\/\/www.qcygroup.com\/index.php\/wp-json\/wp\/v2\/media\/7361"}],"wp:attachment":[{"href":"https:\/\/www.qcygroup.com\/index.php\/wp-json\/wp\/v2\/media?parent=7360"}],"wp:term":[{"taxonomy":"product_brand","embeddable":true,"href":"https:\/\/www.qcygroup.com\/index.php\/wp-json\/wp\/v2\/product_brand?post=7360"},{"taxonomy":"product_cat","embeddable":true,"href":"https:\/\/www.qcygroup.com\/index.php\/wp-json\/wp\/v2\/product_cat?post=7360"},{"taxonomy":"product_tag","embeddable":true,"href":"https:\/\/www.qcygroup.com\/index.php\/wp-json\/wp\/v2\/product_tag?post=7360"}],"curies":[{"name":"wp","href":"https:\/\/api.w.org\/{rel}","templated":true}]}}