{"id":7345,"date":"2026-04-13T11:34:10","date_gmt":"2026-04-13T03:34:10","guid":{"rendered":"https:\/\/www.qcygroup.com\/?post_type=product&#038;p=7345"},"modified":"2026-04-14T10:29:41","modified_gmt":"2026-04-14T02:29:41","slug":"qcy-t43-buds","status":"publish","type":"product","link":"https:\/\/www.qcygroup.com\/index.php\/product\/qcy-t43-buds\/","title":{"rendered":"QCY T43 Buds"},"content":{"rendered":"<div class=\"d-flex flex-column align-items-center justify-content-center\">\n<h5 class=\"title_description_init\">Conhe\u00e7a mais sobre o QCY T43 Buds<\/h5>\n<div class=\"d-flex justify-content-between align-items-center gap-10 container_anchors\"><a href=\"https:\/\/www.qcybrasil.com\/produtos\/qcy-t43\/#visao-geral\">Vis\u00e3o geral<\/a><a href=\"https:\/\/www.qcybrasil.com\/produtos\/qcy-t43\/#especificacoes\">Especifica\u00e7\u00f5es t\u00e9cnicas<\/a><\/div>\n<\/div>\n<div class=\"container\" data-short-description=\"\">\n<div class=\"container_short_description\">\n<p>Leve sua experi\u00eancia de \u00e1udio e jogos para o pr\u00f3ximo n\u00edvel com os QCY Buds T43, fones de ouvido sem fio projetados para oferecer conex\u00e3o ultra-r\u00e1pida, som potente e resist\u00eancia para o seu dia a dia.<\/p>\n<p><strong>Principais Caracter\u00edsticas:<\/strong><\/p>\n<p>Modo Gamer com Lat\u00eancia Ultrabaixa (0.06ms)<\/p>\n<p>Tecnologia avan\u00e7ada que elimina delays, perfeito para jogos competitivos, v\u00eddeos e streaming com sincroniza\u00e7\u00e3o perfeita entre \u00e1udio e imagem.<\/p>\n<p><strong>Bateria de Longa Dura\u00e7\u00e3o<\/strong><\/p>\n<p>At\u00e9 7 horas de reprodu\u00e7\u00e3o cont\u00ednua e 35 horas no total com o estojo de carregamento, garantindo divers\u00e3o e produtividade sem interrup\u00e7\u00f5es.<\/p>\n<p><strong>Driver Din\u00e2mico de 10mm<\/strong><\/p>\n<p>Som potente e equilibrado, com graves profundos e agudos claros, ideal para m\u00fasica, podcasts e jogos imersivos.<\/p>\n<p><strong>Bluetooth 5.3<\/strong><\/p>\n<p>Conex\u00e3o est\u00e1vel e super-r\u00e1pida, com maior alcance e menor consumo de energia.<\/p>\n<p><strong>Resist\u00eancia IPX4<\/strong><\/p>\n<p>Prote\u00e7\u00e3o contra suor e respingos, perfeito para treinos, corridas e uso no dia a dia sem preocupa\u00e7\u00f5es.<\/p>\n<p><strong>Design e Praticidade:<\/strong><\/p>\n<p>Ergon\u00f4mico e leve, ajuste confort\u00e1vel para horas de uso.<\/p>\n<p>Controles touch intuitivos para gerenciar m\u00fasica, chamadas e assistentes de voz.<\/p>\n<p>Estojo compacto com carregamento r\u00e1pido e port\u00e1til.<\/p>\n<p>Ideal para gamers, esportistas e quem busca qualidade sonora com desempenho superior, os QCY Buds T43 entregam sincronia perfeita, resist\u00eancia e autonomia em um s\u00f3 dispositivo.<\/p>\n<p><strong>O que vem na Caixa?<\/strong><\/p>\n<p>1x Par de Fone QCY Buds T43;<\/p>\n<p>2x Par de Ponteira Extra (P e G);<\/p>\n<p>1x Cabo UBS-C;<\/p>\n<p>1x Manual de Usu\u00e1rio.<\/p>\n<p>1x Par de Fone QCY Buds T43;<\/p>\n<p>2x Par de Ponteira Extra (P e G);<\/p>\n<p>1x Cabo UBS-C;<\/p>\n<p>1x Manual de Usu\u00e1rio.<\/p>\n<\/div>\n<\/div>\n","protected":false},"excerpt":{"rendered":"<p>Conhe\u00e7a mais sobre o QCY T43 Buds Vis\u00e3o geralEspecifica\u00e7\u00f5es t\u00e9cnicas Leve sua experi\u00eancia de \u00e1udio e jogos para o pr\u00f3ximo n\u00edvel com os QCY Buds T43, fones de ouvido sem fio projetados para oferecer conex\u00e3o ultra-r\u00e1pida, som potente e resist\u00eancia para o seu dia a dia. Principais Caracter\u00edsticas: Modo Gamer com Lat\u00eancia Ultrabaixa (0.06ms) Tecnologia [&hellip;]<\/p>\n","protected":false},"featured_media":7346,"comment_status":"open","ping_status":"closed","template":"","meta":[],"product_brand":[],"product_cat":[92],"product_tag":[],"class_list":{"0":"post-7345","1":"product","2":"type-product","3":"status-publish","4":"has-post-thumbnail","6":"product_cat-earbuds","8":"first","9":"instock","10":"sale","11":"shipping-taxable","12":"purchasable","13":"product-type-variable"},"_links":{"self":[{"href":"https:\/\/www.qcygroup.com\/index.php\/wp-json\/wp\/v2\/product\/7345","targetHints":{"allow":["GET"]}}],"collection":[{"href":"https:\/\/www.qcygroup.com\/index.php\/wp-json\/wp\/v2\/product"}],"about":[{"href":"https:\/\/www.qcygroup.com\/index.php\/wp-json\/wp\/v2\/types\/product"}],"replies":[{"embeddable":true,"href":"https:\/\/www.qcygroup.com\/index.php\/wp-json\/wp\/v2\/comments?post=7345"}],"wp:featuredmedia":[{"embeddable":true,"href":"https:\/\/www.qcygroup.com\/index.php\/wp-json\/wp\/v2\/media\/7346"}],"wp:attachment":[{"href":"https:\/\/www.qcygroup.com\/index.php\/wp-json\/wp\/v2\/media?parent=7345"}],"wp:term":[{"taxonomy":"product_brand","embeddable":true,"href":"https:\/\/www.qcygroup.com\/index.php\/wp-json\/wp\/v2\/product_brand?post=7345"},{"taxonomy":"product_cat","embeddable":true,"href":"https:\/\/www.qcygroup.com\/index.php\/wp-json\/wp\/v2\/product_cat?post=7345"},{"taxonomy":"product_tag","embeddable":true,"href":"https:\/\/www.qcygroup.com\/index.php\/wp-json\/wp\/v2\/product_tag?post=7345"}],"curies":[{"name":"wp","href":"https:\/\/api.w.org\/{rel}","templated":true}]}}