{"id":7340,"date":"2026-04-13T11:31:11","date_gmt":"2026-04-13T03:31:11","guid":{"rendered":"https:\/\/www.qcygroup.com\/?post_type=product&#038;p=7340"},"modified":"2026-04-13T11:31:11","modified_gmt":"2026-04-13T03:31:11","slug":"qcy-t29-ailybuds-lite","status":"publish","type":"product","link":"https:\/\/www.qcygroup.com\/index.php\/product\/qcy-t29-ailybuds-lite\/","title":{"rendered":"QCY T29 Ailybuds Lite"},"content":{"rendered":"<div class=\"d-flex flex-column align-items-center justify-content-center\">\n<h5 class=\"title_description_init\">Conhe\u00e7a mais sobre o QCY T29 Ailybuds Lite<\/h5>\n<div class=\"d-flex justify-content-between align-items-center gap-10 container_anchors\"><a href=\"https:\/\/www.qcybrasil.com\/produtos\/fone-qcy-t29-ailybuds-lite\/#visao-geral\">Vis\u00e3o geral<\/a><a href=\"https:\/\/www.qcybrasil.com\/produtos\/fone-qcy-t29-ailybuds-lite\/#especificacoes\">Especifica\u00e7\u00f5es t\u00e9cnicas<\/a><\/div>\n<\/div>\n<div class=\"container\" data-short-description=\"\">\n<div class=\"container_short_description\">\n<p>Experimente um som imbat\u00edvel e de alta qualidade com o fone de ouvido Bluetooth QCY T29. Com design semi in-ear e cancelamento de ru\u00eddo ENC, voc\u00ea ter\u00e1 uma experi\u00eancia sonora \u00fanica e confort\u00e1vel.<\/p>\n<p><strong>Destaque a qualidade sonora:<\/strong>\u00a0Com alto-falante exclusivo de 13mm, os graves s\u00e3o potentes e os m\u00e9dios-altos brilhantes, proporcionando uma experi\u00eancia cinematogr\u00e1fica.<\/p>\n<p><strong>Conectividade Bluetooth 5.3:<\/strong>\u00a0Desfrute de uma conex\u00e3o est\u00e1vel e livre de interfer\u00eancias, permitindo que voc\u00ea se movimente livremente sem perder sua m\u00fasica favorita.<\/p>\n<p><strong>Cancelamento de ru\u00eddo ENC:<\/strong>\u00a0Com o processador de cancelamento de ru\u00eddo ENC, sua voz \u00e9 captada com clareza em chamadas, eliminando ru\u00eddos indesejados ao redor.<\/p>\n<p><strong>Resist\u00eancia \u00e0 \u00e1gua IPX4<\/strong>: Com prote\u00e7\u00e3o contra respingos, suor e poeira, o QCY T29 \u00e9 perfeito para atividades ao ar livre e exerc\u00edcios.<\/p>\n<p><strong>Aplicativo QCY:<\/strong>\u00a0Personalize suas configura\u00e7\u00f5es de equalizador e aproveite recursos exclusivos atrav\u00e9s do aplicativo QCY, dispon\u00edvel na Apple Store e Google Play.<\/p>\n<p><strong>Conforto e praticidade:<\/strong>\u00a0Com design ergon\u00f4mico, leve e compacto, os fones QCY T29 s\u00e3o confort\u00e1veis de usar por longos per\u00edodos e f\u00e1ceis de transportar.<\/p>\n<p><strong>Configura\u00e7\u00f5es do Equalizador:<\/strong>\u00a0Com 9 op\u00e7\u00f5es de equaliza\u00e7\u00e3o, voc\u00ea pode ajustar o som de acordo com seu gosto e o g\u00eanero musical que est\u00e1 ouvindo, proporcionando a melhor experi\u00eancia sonora para cada estilo de m\u00fasica.<\/p>\n<p><strong>Bateria de longa dura\u00e7\u00e3o<\/strong>: Com at\u00e9 28 horas de reprodu\u00e7\u00e3o usando as recargas da case e 5 horas de uso cont\u00ednuo, voc\u00ea pode aproveitar sua m\u00fasica o dia todo.<\/p>\n<p><strong>Compatibilidade<\/strong>: Compat\u00edvel com sistemas iOS e Android, o QCY T29 \u00e9 perfeito para todos os dispositivos Bluetooth.<\/p>\n<p><strong>Caracter\u00edsticas T\u00e9cnicas:<\/strong><\/p>\n<p>Vers\u00e3o do Bluetooth: 5.3<\/p>\n<p>Driver din\u00e2mico: 13 mm<\/p>\n<p>Alcance do Bluetooth: 10m<\/p>\n<p>Capacidade da bateria (case): 350 mAh<\/p>\n<p>Capacidade da bateria (fone): 26 mAh<\/p>\n<p>Porta de entrada: Tipo C<\/p>\n<p><strong>Conte\u00fado da Embalagem:<\/strong><\/p>\n<p>01x Par de Fones QCY T29<\/p>\n<p>01x Case de Carregamento<\/p>\n<p>01x Cabo Tipo C<\/p>\n<p>01x Manual do Usu\u00e1rio<\/p>\n<\/div>\n<\/div>\n","protected":false},"excerpt":{"rendered":"<p>Conhe\u00e7a mais sobre o QCY T29 Ailybuds Lite Vis\u00e3o geralEspecifica\u00e7\u00f5es t\u00e9cnicas Experimente um som imbat\u00edvel e de alta qualidade com o fone de ouvido Bluetooth QCY T29. Com design semi in-ear e cancelamento de ru\u00eddo ENC, voc\u00ea ter\u00e1 uma experi\u00eancia sonora \u00fanica e confort\u00e1vel. Destaque a qualidade sonora:\u00a0Com alto-falante exclusivo de 13mm, os graves s\u00e3o [&hellip;]<\/p>\n","protected":false},"featured_media":7343,"comment_status":"open","ping_status":"closed","template":"","meta":[],"product_brand":[],"product_cat":[92],"product_tag":[],"class_list":{"0":"post-7340","1":"product","2":"type-product","3":"status-publish","4":"has-post-thumbnail","6":"product_cat-earbuds","8":"first","9":"instock","10":"sale","11":"shipping-taxable","12":"purchasable","13":"product-type-variable"},"_links":{"self":[{"href":"https:\/\/www.qcygroup.com\/index.php\/wp-json\/wp\/v2\/product\/7340","targetHints":{"allow":["GET"]}}],"collection":[{"href":"https:\/\/www.qcygroup.com\/index.php\/wp-json\/wp\/v2\/product"}],"about":[{"href":"https:\/\/www.qcygroup.com\/index.php\/wp-json\/wp\/v2\/types\/product"}],"replies":[{"embeddable":true,"href":"https:\/\/www.qcygroup.com\/index.php\/wp-json\/wp\/v2\/comments?post=7340"}],"wp:featuredmedia":[{"embeddable":true,"href":"https:\/\/www.qcygroup.com\/index.php\/wp-json\/wp\/v2\/media\/7343"}],"wp:attachment":[{"href":"https:\/\/www.qcygroup.com\/index.php\/wp-json\/wp\/v2\/media?parent=7340"}],"wp:term":[{"taxonomy":"product_brand","embeddable":true,"href":"https:\/\/www.qcygroup.com\/index.php\/wp-json\/wp\/v2\/product_brand?post=7340"},{"taxonomy":"product_cat","embeddable":true,"href":"https:\/\/www.qcygroup.com\/index.php\/wp-json\/wp\/v2\/product_cat?post=7340"},{"taxonomy":"product_tag","embeddable":true,"href":"https:\/\/www.qcygroup.com\/index.php\/wp-json\/wp\/v2\/product_tag?post=7340"}],"curies":[{"name":"wp","href":"https:\/\/api.w.org\/{rel}","templated":true}]}}