{"id":7330,"date":"2026-04-13T11:22:00","date_gmt":"2026-04-13T03:22:00","guid":{"rendered":"https:\/\/www.qcygroup.com\/?post_type=product&#038;p=7330"},"modified":"2026-04-13T11:22:00","modified_gmt":"2026-04-13T03:22:00","slug":"qcy-t27-arcbuds-lite","status":"publish","type":"product","link":"https:\/\/www.qcygroup.com\/index.php\/product\/qcy-t27-arcbuds-lite\/","title":{"rendered":"QCY T27 ArcBuds Lite"},"content":{"rendered":"<div class=\"d-flex flex-column align-items-center justify-content-center\">\n<h5 class=\"title_description_init\">Conhe\u00e7a mais sobre o QCY T27 ArcBuds Lite<\/h5>\n<div class=\"d-flex justify-content-between align-items-center gap-10 container_anchors\"><a href=\"https:\/\/www.qcybrasil.com\/produtos\/qcy-t27-arcbuds-lite\/#visao-geral\">Vis\u00e3o geral<\/a><a href=\"https:\/\/www.qcybrasil.com\/produtos\/qcy-t27-arcbuds-lite\/#especificacoes\">Especifica\u00e7\u00f5es t\u00e9cnicas<\/a><\/div>\n<\/div>\n<div class=\"container\" data-short-description=\"\">\n<div class=\"container_short_description\">\n<p>Com a avan\u00e7ada tecnologia Bluetooth 5.3, o fone Bluetooth QCY T27 ArcBuds Lite garante uma conex\u00e3o est\u00e1vel e r\u00e1pida. O driver din\u00e2mico LCP integrado de 10 mm oferece o som multi-camadas mais natural com graves profundos.<\/p>\n<p>O cancelamento de ru\u00eddos ENC, permite que voc\u00ea realize chamadas telef\u00f4nicas muito mais claras, mesmo em ambientes barulhentos.<\/p>\n<p>Contando com um moderno chip Bluetooth, a conex\u00e3o fica em 0,08s em modo de Baixa Lat\u00eancia.<\/p>\n<p>O estojo \u00e9 carregado via cabo Tipo-C e em apenas 10 minutos de carga garantem 2 horas de reprodu\u00e7\u00e3o. Os fones oferecem at\u00e9 8 horas de reprodu\u00e7\u00e3o por carga completa e o estojo de carregamento garante at\u00e9 32 horas sem precisar ligar na tomada.<\/p>\n<p>Com cada fone pesando apenas 4,2g o modelo T27 \u00e9 compacto e leve. Conta com aberturas na parte traseira e frontal que conectam-se para garantir um bala\u00e7o entre a press\u00e3o do ar e proporcionar maior conforto enquanto voc\u00ea usa os fones.<\/p>\n<p>Atrav\u00e9s dos comandos por toque \u00e9 poss\u00edvel que voc\u00ea reproduza\/pause faixas, atenda chamadas, pule m\u00fasicas e acesse outras fun\u00e7\u00f5es. Deixe seu smartphone sozinho durante o trabalho ou exerc\u00edcio, tudo que voc\u00ea precisa \u00e9 de um par de fones de ouvido sem fio QCY T27 ArcBuds Lite.<\/p>\n<p><strong>Especifica\u00e7\u00f5es<\/strong>:<\/p>\n<p>Marca: QCY<\/p>\n<p>Modelo: T27 Arcbuds Lite<\/p>\n<p>Material: ABSP | Pl\u00e1stico<\/p>\n<p>Tipo de uso: Intra-auricular<\/p>\n<p>Tecnologia ENC (environmental noise cancellation) &#8211; Redu\u00e7\u00e3o Digital de Ru\u00eddos em Chamadas.<\/p>\n<p>Prompt de voz: Sim<\/p>\n<p>Microfone: Sim<\/p>\n<p>Vers\u00e3o do Bluetooth: 5.3 &#8211; 68ms Baixa Lat\u00eancia<\/p>\n<p>Dist\u00e2ncia de Transmiss\u00e3o: At\u00e9 10m (sem barreiras)<\/p>\n<p>Frequ\u00eancia 20 &#8211; 20000Hz<\/p>\n<p>Codec HPF\/ A2DP\/ AVRCP<\/p>\n<p>Peso de cada fone: 4g (aproximadamente)<\/p>\n<p>Driver: 10mm<\/p>\n<p>Prote\u00e7\u00e3o: IPX4 (resist\u00eancia a respingos, suor e poeira)<\/p>\n<p>Capacidade de bateria Case de carregamento: 380mAh<\/p>\n<p>M\u00e9todo de carregamento: Case de carregamento \/ Cabo USB C<\/p>\n<p>Cada fone de ouvido: 43mAh, 3.7 V<\/p>\n<p>Tempo de carregamento (h) 1-2h<\/p>\n<p>Tempo de uso (m\u00fasica e conversa\u00e7\u00e3o) 8 horas<\/p>\n<p>Tempo de espera (h) 120 h<\/p>\n<p>Imped\u00e2ncia 32 ohms<\/p>\n<p>Resist\u00eancia 32 ohms<\/p>\n<p>Sensibilidade 108 dB<\/p>\n<p>Certificado: CE,FCC,BQB<\/p>\n<p><strong>Conte\u00fado da Embalagem:<\/strong><\/p>\n<p>1x Par de Fones\u00a0<strong>QCY T27 ArcBuds Lite<\/strong>;<\/p>\n<p>1x Case de Carregamento;<\/p>\n<p>1x Cabo Tipo C;<\/p>\n<p>1x Manual do Usu\u00e1rio.<\/p>\n<\/div>\n<\/div>\n","protected":false},"excerpt":{"rendered":"<p>Conhe\u00e7a mais sobre o QCY T27 ArcBuds Lite Vis\u00e3o geralEspecifica\u00e7\u00f5es t\u00e9cnicas Com a avan\u00e7ada tecnologia Bluetooth 5.3, o fone Bluetooth QCY T27 ArcBuds Lite garante uma conex\u00e3o est\u00e1vel e r\u00e1pida. O driver din\u00e2mico LCP integrado de 10 mm oferece o som multi-camadas mais natural com graves profundos. O cancelamento de ru\u00eddos ENC, permite que voc\u00ea [&hellip;]<\/p>\n","protected":false},"featured_media":7331,"comment_status":"open","ping_status":"closed","template":"","meta":[],"product_brand":[],"product_cat":[92],"product_tag":[],"class_list":{"0":"post-7330","1":"product","2":"type-product","3":"status-publish","4":"has-post-thumbnail","6":"product_cat-earbuds","8":"first","9":"instock","10":"sale","11":"shipping-taxable","12":"purchasable","13":"product-type-variable"},"_links":{"self":[{"href":"https:\/\/www.qcygroup.com\/index.php\/wp-json\/wp\/v2\/product\/7330","targetHints":{"allow":["GET"]}}],"collection":[{"href":"https:\/\/www.qcygroup.com\/index.php\/wp-json\/wp\/v2\/product"}],"about":[{"href":"https:\/\/www.qcygroup.com\/index.php\/wp-json\/wp\/v2\/types\/product"}],"replies":[{"embeddable":true,"href":"https:\/\/www.qcygroup.com\/index.php\/wp-json\/wp\/v2\/comments?post=7330"}],"wp:featuredmedia":[{"embeddable":true,"href":"https:\/\/www.qcygroup.com\/index.php\/wp-json\/wp\/v2\/media\/7331"}],"wp:attachment":[{"href":"https:\/\/www.qcygroup.com\/index.php\/wp-json\/wp\/v2\/media?parent=7330"}],"wp:term":[{"taxonomy":"product_brand","embeddable":true,"href":"https:\/\/www.qcygroup.com\/index.php\/wp-json\/wp\/v2\/product_brand?post=7330"},{"taxonomy":"product_cat","embeddable":true,"href":"https:\/\/www.qcygroup.com\/index.php\/wp-json\/wp\/v2\/product_cat?post=7330"},{"taxonomy":"product_tag","embeddable":true,"href":"https:\/\/www.qcygroup.com\/index.php\/wp-json\/wp\/v2\/product_tag?post=7330"}],"curies":[{"name":"wp","href":"https:\/\/api.w.org\/{rel}","templated":true}]}}