{"id":7322,"date":"2026-04-13T11:08:40","date_gmt":"2026-04-13T03:08:40","guid":{"rendered":"https:\/\/www.qcygroup.com\/?post_type=product&#038;p=7322"},"modified":"2026-04-16T14:33:44","modified_gmt":"2026-04-16T06:33:44","slug":"qcy-t13x","status":"publish","type":"product","link":"https:\/\/www.qcygroup.com\/index.php\/product\/qcy-t13x\/","title":{"rendered":"QCY T13X"},"content":{"rendered":"<div class=\"d-flex flex-column align-items-center justify-content-center\">\n<h5 class=\"title_description_init\">Conhe\u00e7a mais sobre o QCY T13X<\/h5>\n<div class=\"d-flex justify-content-between align-items-center gap-10 container_anchors\"><a href=\"https:\/\/www.qcybrasil.com\/produtos\/qcy-t13x-enc\/#visao-geral\">Vis\u00e3o geral<\/a><a href=\"https:\/\/www.qcybrasil.com\/produtos\/qcy-t13x-enc\/#especificacoes\">Especifica\u00e7\u00f5es t\u00e9cnicas<\/a><\/div>\n<\/div>\n<div class=\"container\" data-short-description=\"\">\n<div class=\"container_short_description\">O QCY T13X possui 4 microfones com cancelamento de ru\u00eddo ENC para proporcionar liga\u00e7\u00f5es muito mais claras mesmo em ambientes barulhentos. Al\u00e9m disso, conta com tecnologia onde o algoritmo faz digitalmente o c\u00e1lculo para cancelar ru\u00eddos indesejados.<\/p>\n<p>Com o exclusivo Cancelamento de Ru\u00eddos do Vento, o T13X conta com um microfone secund\u00e1rio que capta o som ambiente e bloqueia ru\u00eddos do vento de at\u00e9 25 Km\/H, garantindo liga\u00e7\u00f5es com som claro e l\u00edmpido.<\/p>\n<p>At\u00e9 30 horas de uso sem precisar de tomada, com carregamento r\u00e1pido Quick Charge \u00e9 poss\u00edvel ouvir at\u00e9 1 hora de m\u00fasica com apenas 10 minutos de carga e at\u00e9 8h de reprodu\u00e7\u00e3o com carga completa.<\/p>\n<p>O seu driver din\u00e2mico de 7.2mm proporciona graves poderosos e n\u00edtidos, garantindo uma experi\u00eancia totalmente imersiva com a tecnologia HIFI e design moderno. Cada fone possui apenas 6g de peso cada, em um case elegante em forma de concha.<\/p>\n<p>O Bluetooth vers\u00e3o 5.3 traz uma conex\u00e3o mais r\u00e1pida e est\u00e1vel, com lat\u00eancia de at\u00e9 0,068s no Modo Game. O pareamento acontece muito rapidamente com Pop Up na tela do celular.<\/p>\n<p>O QCY T13X \u00e9 totalmente compat\u00edvel com o Aplicativo QCY para customiza\u00e7\u00e3o de seus controles e fun\u00e7\u00f5es.<\/p>\n<p>O modo noturno (Sleep Mode) desativa os controles por toque para evitar opera\u00e7\u00f5es indesejadas e voc\u00ea pode programar o seu fone para desligar automaticamente atrav\u00e9s do app na hora que desejar.<\/p>\n<p>Cada fone pode ser usado de forma separada (modo MONO) e juntos no modo est\u00e9reo.<\/p>\n<p>Os controles por toque s\u00e3o muito f\u00e1ceis de usar:<\/p>\n<p>Duplo toque: Play\/Pause<br \/>\nPressione por 3s o fone esquerdo para voltar uma faixa<br \/>\nPressione por 3s o fone direito para avan\u00e7ar uma faixa<br \/>\nAo receber uma liga\u00e7\u00e3o duplo toque para atender e para finalizar<br \/>\nOu pressione por 1,5s qualquer fone para rejeitar uma liga\u00e7\u00e3o<br \/>\nToque triplo no fone esquerdo para acionar o Assistente de Voz<\/p>\n<p>Especifica\u00e7\u00f5es<\/p>\n<p>Driver: Driver din\u00e2mico de 7,2 mm<br \/>\nModelo Certificado BH23QT26A<br \/>\nMicrofone: 4, redu\u00e7\u00e3o de ru\u00eddo ENC, amplifica\u00e7\u00e3o de microfone e cancelamento de eco<br \/>\nControle de Volume: Sim, atrav\u00e9s do aplicativo QCY<br \/>\nCodecs: AAC, SBC<br \/>\nPeso do fone de ouvido: 6,34g<br \/>\nPeso bruto do estojo com os fones: 48,15g<br \/>\nDimens\u00f5es do fone de ouvido: comprimento da haste de 29 mm, profundidade de 24 mm com bico<br \/>\nDimens\u00f5es da caixa: 54 mm de largura, 54 mm de profundidade, 28 mm de altura<br \/>\nCapacidade de carga da caixa: 350 mAh (45 mAh por fone)<br \/>\nTempo de carga total: 120 minutos<br \/>\nCarregamento r\u00e1pido: Sim<br \/>\nCarregamento sem fio: N\u00e3o<br \/>\nTempo de reprodu\u00e7\u00e3o de uso \u00fanico: at\u00e9 8 horas<br \/>\nTempo de reprodu\u00e7\u00e3o com estojo de carregamento: at\u00e9 30 horas<br \/>\nAlcance do Bluetooth: Bluetooth 5.3\/10m<br \/>\nProtocolos Bluetooth: HFP\/A2DP\/AVRCP<br \/>\nResist\u00eancia \u00e0 \u00e1gua: IPX5<\/p>\n<p>Conte\u00fado da Caixa<\/p>\n<p>1x Par de Fones QCY T13X ENC;<br \/>\n1x Estojo Carregador;<br \/>\n2x Pares Extras de Ponteira (P &amp; G);<br \/>\n1x Cabo para carregamento USB-C;<br \/>\n1x Manual do Usu\u00e1rio em Portugu\u00eas.<\/p><\/div>\n<\/div>\n","protected":false},"excerpt":{"rendered":"<p>Conhe\u00e7a mais sobre o QCY T13X Vis\u00e3o geralEspecifica\u00e7\u00f5es t\u00e9cnicas O QCY T13X possui 4 microfones com cancelamento de ru\u00eddo ENC para proporcionar liga\u00e7\u00f5es muito mais claras mesmo em ambientes barulhentos. Al\u00e9m disso, conta com tecnologia onde o algoritmo faz digitalmente o c\u00e1lculo para cancelar ru\u00eddos indesejados. Com o exclusivo Cancelamento de Ru\u00eddos do Vento, o [&hellip;]<\/p>\n","protected":false},"featured_media":7323,"comment_status":"open","ping_status":"closed","template":"","meta":[],"product_brand":[],"product_cat":[92],"product_tag":[],"class_list":{"0":"post-7322","1":"product","2":"type-product","3":"status-publish","4":"has-post-thumbnail","6":"product_cat-earbuds","8":"first","9":"instock","10":"sale","11":"shipping-taxable","12":"purchasable","13":"product-type-variable"},"_links":{"self":[{"href":"https:\/\/www.qcygroup.com\/index.php\/wp-json\/wp\/v2\/product\/7322","targetHints":{"allow":["GET"]}}],"collection":[{"href":"https:\/\/www.qcygroup.com\/index.php\/wp-json\/wp\/v2\/product"}],"about":[{"href":"https:\/\/www.qcygroup.com\/index.php\/wp-json\/wp\/v2\/types\/product"}],"replies":[{"embeddable":true,"href":"https:\/\/www.qcygroup.com\/index.php\/wp-json\/wp\/v2\/comments?post=7322"}],"wp:featuredmedia":[{"embeddable":true,"href":"https:\/\/www.qcygroup.com\/index.php\/wp-json\/wp\/v2\/media\/7323"}],"wp:attachment":[{"href":"https:\/\/www.qcygroup.com\/index.php\/wp-json\/wp\/v2\/media?parent=7322"}],"wp:term":[{"taxonomy":"product_brand","embeddable":true,"href":"https:\/\/www.qcygroup.com\/index.php\/wp-json\/wp\/v2\/product_brand?post=7322"},{"taxonomy":"product_cat","embeddable":true,"href":"https:\/\/www.qcygroup.com\/index.php\/wp-json\/wp\/v2\/product_cat?post=7322"},{"taxonomy":"product_tag","embeddable":true,"href":"https:\/\/www.qcygroup.com\/index.php\/wp-json\/wp\/v2\/product_tag?post=7322"}],"curies":[{"name":"wp","href":"https:\/\/api.w.org\/{rel}","templated":true}]}}