{"id":7310,"date":"2026-04-13T10:57:40","date_gmt":"2026-04-13T02:57:40","guid":{"rendered":"https:\/\/www.qcygroup.com\/?post_type=product&#038;p=7310"},"modified":"2026-04-16T14:20:17","modified_gmt":"2026-04-16T06:20:17","slug":"qcy-ht15-buds-anc","status":"publish","type":"product","link":"https:\/\/www.qcygroup.com\/index.php\/product\/qcy-ht15-buds-anc\/","title":{"rendered":"QCY HT15 Buds ANC"},"content":{"rendered":"<div class=\"d-flex flex-column align-items-center justify-content-center\">\n<h5 class=\"title_description_init\">Conhe\u00e7a mais sobre o QCY HT15 Buds ANC<\/h5>\n<div class=\"d-flex justify-content-between align-items-center gap-10 container_anchors\"><a href=\"https:\/\/www.qcybrasil.com\/produtos\/qcy-ht15-buds-anc\/#visao-geral\">Vis\u00e3o geral<\/a><a href=\"https:\/\/www.qcybrasil.com\/produtos\/qcy-ht15-buds-anc\/#especificacoes\">Especifica\u00e7\u00f5es t\u00e9cnicas<\/a><\/div>\n<\/div>\n<div class=\"container\" data-short-description=\"\">\n<div class=\"container_short_description\">\n<p>Desfrute de uma experi\u00eancia sonora imersiva com o\u00a0<strong>QCY Buds ANC HT15<\/strong>, fones de ouvido sem fio que combinam tecnologia avan\u00e7ada e design premium. Com Bluetooth 5.4, cancelamento de ru\u00eddo adaptivo (ANC) de at\u00e9 35dB e modo transpar\u00eancia, voc\u00ea tem controle total sobre o seu ambiente auditivo, seja para focar na m\u00fasica ou manter-se atento aos sons ao redor.<\/p>\n<h5>Destaques:<\/h5>\n<p><strong>ANC Adaptivo &amp; Modo Transpar\u00eancia<\/strong><\/p>\n<p>Reduza at\u00e9 97% dos ru\u00eddos externos com tr\u00eas n\u00edveis de cancelamento ativo de ru\u00eddo.<\/p>\n<p>Ative o modo ambiente para ouvir o mundo exterior sem tirar os fones.<\/p>\n<p><strong>Chamadas N\u00edtidas com 6 Microfones<\/strong><\/p>\n<p>Tecnologia ENC elimina ru\u00eddos de fundo, garantindo clareza em chamadas e reuni\u00f5es.<\/p>\n<p><strong>Driver Din\u00e2mico de 10mm<\/strong><\/p>\n<p>Som potente e equilibrado, com graves profundos e agudos cristalinos.<\/p>\n<p><strong>Bluetooth 5.4 + Baixa Lat\u00eancia<\/strong><\/p>\n<p>Conex\u00e3o est\u00e1vel e sem delays, ideal para jogos e v\u00eddeos (alcance de at\u00e9 10m).<\/p>\n<p><strong>At\u00e9 25h de Bateria Total<\/strong><\/p>\n<p>5,5h de uso cont\u00ednuo (ANC desligado) ou 3,5h (ANC ligado).<\/p>\n<p>Case de carregamento recarrega os fones para at\u00e9 25h de autonomia.<\/p>\n<p><strong>Design Premium com Detalhes em Couro<\/strong><\/p>\n<p>Textura sofisticada e ergonomia confort\u00e1vel para uso prolongado.<\/p>\n<p><strong>Conte\u00fado da Caixa:<\/strong><\/p>\n<p>1x Par de Fones QCY Buds (HT15);<\/p>\n<p>2x Pares de Ponteiras Extras (P e G);<\/p>\n<p>1x Cabo USB-C;<\/p>\n<p>1x Manual do Usu\u00e1rio.<\/p>\n<\/div>\n<\/div>\n","protected":false},"excerpt":{"rendered":"<p>Conhe\u00e7a mais sobre o QCY HT15 Buds ANC Vis\u00e3o geralEspecifica\u00e7\u00f5es t\u00e9cnicas Desfrute de uma experi\u00eancia sonora imersiva com o\u00a0QCY Buds ANC HT15, fones de ouvido sem fio que combinam tecnologia avan\u00e7ada e design premium. Com Bluetooth 5.4, cancelamento de ru\u00eddo adaptivo (ANC) de at\u00e9 35dB e modo transpar\u00eancia, voc\u00ea tem controle total sobre o seu [&hellip;]<\/p>\n","protected":false},"featured_media":7311,"comment_status":"open","ping_status":"closed","template":"","meta":[],"product_brand":[],"product_cat":[92],"product_tag":[],"class_list":{"0":"post-7310","1":"product","2":"type-product","3":"status-publish","4":"has-post-thumbnail","6":"product_cat-earbuds","8":"first","9":"instock","10":"sale","11":"shipping-taxable","12":"purchasable","13":"product-type-variable"},"_links":{"self":[{"href":"https:\/\/www.qcygroup.com\/index.php\/wp-json\/wp\/v2\/product\/7310","targetHints":{"allow":["GET"]}}],"collection":[{"href":"https:\/\/www.qcygroup.com\/index.php\/wp-json\/wp\/v2\/product"}],"about":[{"href":"https:\/\/www.qcygroup.com\/index.php\/wp-json\/wp\/v2\/types\/product"}],"replies":[{"embeddable":true,"href":"https:\/\/www.qcygroup.com\/index.php\/wp-json\/wp\/v2\/comments?post=7310"}],"wp:featuredmedia":[{"embeddable":true,"href":"https:\/\/www.qcygroup.com\/index.php\/wp-json\/wp\/v2\/media\/7311"}],"wp:attachment":[{"href":"https:\/\/www.qcygroup.com\/index.php\/wp-json\/wp\/v2\/media?parent=7310"}],"wp:term":[{"taxonomy":"product_brand","embeddable":true,"href":"https:\/\/www.qcygroup.com\/index.php\/wp-json\/wp\/v2\/product_brand?post=7310"},{"taxonomy":"product_cat","embeddable":true,"href":"https:\/\/www.qcygroup.com\/index.php\/wp-json\/wp\/v2\/product_cat?post=7310"},{"taxonomy":"product_tag","embeddable":true,"href":"https:\/\/www.qcygroup.com\/index.php\/wp-json\/wp\/v2\/product_tag?post=7310"}],"curies":[{"name":"wp","href":"https:\/\/api.w.org\/{rel}","templated":true}]}}