{"id":7298,"date":"2026-04-13T10:36:06","date_gmt":"2026-04-13T02:36:06","guid":{"rendered":"https:\/\/www.qcygroup.com\/?post_type=product&#038;p=7298"},"modified":"2026-04-14T10:45:10","modified_gmt":"2026-04-14T02:45:10","slug":"qcy-e20-anc","status":"publish","type":"product","link":"https:\/\/www.qcygroup.com\/index.php\/product\/qcy-e20-anc\/","title":{"rendered":"QCY E20 ANC"},"content":{"rendered":"<div class=\"d-flex flex-column align-items-center justify-content-center\">\n<h5 class=\"title_description_init\">Conhe\u00e7a mais sobre o QCY E20 ANC<\/h5>\n<div class=\"d-flex justify-content-between align-items-center gap-10 container_anchors\"><a href=\"https:\/\/www.qcybrasil.com\/produtos\/qcy-e20-anc\/#visao-geral\">Vis\u00e3o geral<\/a><a href=\"https:\/\/www.qcybrasil.com\/produtos\/qcy-e20-anc\/#especificacoes\">Especifica\u00e7\u00f5es t\u00e9cnicas<\/a><\/div>\n<\/div>\n<div class=\"container\" data-short-description=\"\">\n<div class=\"container_short_description\">\n<p><strong>Som Imersivo + Tecnologia Avan\u00e7ada<\/strong><\/p>\n<p>Os\u00a0<strong>QCY E20 Ailybuds<\/strong>\u00a0ANC s\u00e3o a combina\u00e7\u00e3o perfeita entre alta performance, conforto e design ergon\u00f4mico, desenvolvidos para quem exige praticidade e qualidade de \u00e1udio no dia a dia.<\/p>\n<p><strong>DESTAQUES PRINCIPAIS:<\/strong><\/p>\n<p><strong>Bluetooth 5.4 \u2013 Conex\u00e3o Est\u00e1vel e R\u00e1pida<\/strong><\/p>\n<p>Transmiss\u00e3o sem falhas e baixo consumo de energia para m\u00fasicas e chamadas sem interrup\u00e7\u00f5es.<\/p>\n<p><strong>Design In-Ear Ajust\u00e1vel \u2013 Conforto Prolongado<\/strong><\/p>\n<p>Encaixe perfeito no ouvido para isolamento ac\u00fastico e conforto durante horas de uso.<\/p>\n<p><strong>Microfone Embutido \u2013 Chamadas Claras<\/strong><\/p>\n<p>Ideal para reuni\u00f5es e conversas com capta\u00e7\u00e3o de voz precisa, com Audio AI com 6 Microfones Embutidos.<\/p>\n<p><strong>Leve e Discreto \u2013 Para Uso Di\u00e1rio<\/strong><\/p>\n<p>Peso leve e design minimalista, perfeito para esportes, trabalho e deslocamentos.<\/p>\n<p><strong>Bateria Otimizada \u2013 Durabilidade Inteligente<\/strong><\/p>\n<p>Autonomia ajustada para longas sess\u00f5es de m\u00fasica e chamadas. At\u00e9 24 Horas de Reprodu\u00e7\u00e3o.<\/p>\n<p><strong>Liberdade Sem Fios<\/strong><\/p>\n<p>Conex\u00e3o wireless para movimento livre durante exerc\u00edcios ou atividades cotidianas.<\/p>\n<p><strong>CONTE\u00daDO DA CAIXA:<\/strong><\/p>\n<p>1x Par de Fones QCY E20 Ailybuds ANC;<\/p>\n<p>1x Estojo de Carregamento;<\/p>\n<p>1x Manual do Usu\u00e1rio.<\/p>\n<\/div>\n<\/div>\n","protected":false},"excerpt":{"rendered":"<p>Conhe\u00e7a mais sobre o QCY E20 ANC Vis\u00e3o geralEspecifica\u00e7\u00f5es t\u00e9cnicas Som Imersivo + Tecnologia Avan\u00e7ada Os\u00a0QCY E20 Ailybuds\u00a0ANC s\u00e3o a combina\u00e7\u00e3o perfeita entre alta performance, conforto e design ergon\u00f4mico, desenvolvidos para quem exige praticidade e qualidade de \u00e1udio no dia a dia. DESTAQUES PRINCIPAIS: Bluetooth 5.4 \u2013 Conex\u00e3o Est\u00e1vel e R\u00e1pida Transmiss\u00e3o sem falhas e [&hellip;]<\/p>\n","protected":false},"featured_media":7299,"comment_status":"open","ping_status":"closed","template":"","meta":[],"product_brand":[],"product_cat":[92],"product_tag":[],"class_list":{"0":"post-7298","1":"product","2":"type-product","3":"status-publish","4":"has-post-thumbnail","6":"product_cat-earbuds","8":"first","9":"instock","10":"sale","11":"shipping-taxable","12":"purchasable","13":"product-type-variable"},"_links":{"self":[{"href":"https:\/\/www.qcygroup.com\/index.php\/wp-json\/wp\/v2\/product\/7298","targetHints":{"allow":["GET"]}}],"collection":[{"href":"https:\/\/www.qcygroup.com\/index.php\/wp-json\/wp\/v2\/product"}],"about":[{"href":"https:\/\/www.qcygroup.com\/index.php\/wp-json\/wp\/v2\/types\/product"}],"replies":[{"embeddable":true,"href":"https:\/\/www.qcygroup.com\/index.php\/wp-json\/wp\/v2\/comments?post=7298"}],"wp:featuredmedia":[{"embeddable":true,"href":"https:\/\/www.qcygroup.com\/index.php\/wp-json\/wp\/v2\/media\/7299"}],"wp:attachment":[{"href":"https:\/\/www.qcygroup.com\/index.php\/wp-json\/wp\/v2\/media?parent=7298"}],"wp:term":[{"taxonomy":"product_brand","embeddable":true,"href":"https:\/\/www.qcygroup.com\/index.php\/wp-json\/wp\/v2\/product_brand?post=7298"},{"taxonomy":"product_cat","embeddable":true,"href":"https:\/\/www.qcygroup.com\/index.php\/wp-json\/wp\/v2\/product_cat?post=7298"},{"taxonomy":"product_tag","embeddable":true,"href":"https:\/\/www.qcygroup.com\/index.php\/wp-json\/wp\/v2\/product_tag?post=7298"}],"curies":[{"name":"wp","href":"https:\/\/api.w.org\/{rel}","templated":true}]}}