{"id":7284,"date":"2026-04-13T10:21:21","date_gmt":"2026-04-13T02:21:21","guid":{"rendered":"https:\/\/www.qcygroup.com\/?post_type=product&#038;p=7284"},"modified":"2026-04-14T10:46:44","modified_gmt":"2026-04-14T02:46:44","slug":"qcy-ht05-melobuds-anc","status":"publish","type":"product","link":"https:\/\/www.qcygroup.com\/index.php\/product\/qcy-ht05-melobuds-anc\/","title":{"rendered":"QCY HT05 Melobuds ANC"},"content":{"rendered":"<div class=\"d-flex flex-column align-items-center justify-content-center\">\n<h5 class=\"title_description_init\">Conhe\u00e7a mais sobre o QCY HT05 Melobuds ANC<\/h5>\n<div class=\"d-flex justify-content-between align-items-center gap-10 container_anchors\"><a href=\"https:\/\/www.qcybrasil.com\/produtos\/qcy-ht05-anc\/#visao-geral\">Vis\u00e3o geral<\/a><a href=\"https:\/\/www.qcybrasil.com\/produtos\/qcy-ht05-anc\/#especificacoes\">Especifica\u00e7\u00f5es t\u00e9cnicas<\/a><\/div>\n<\/div>\n<div class=\"container\" data-short-description=\"\">\n<div class=\"container_short_description\">\n<p>O In-Ear mais aguardado de todos os tempos, o som \u00e9 imbat\u00edvel com alta fidelidade e design inovadores, com Bluetooth 5.2 poderoso, redu\u00e7\u00e3o de lat\u00eancia e qualidade de conex\u00e3o incompar\u00e1veis. Novo design. Super conforto. Cheio de pot\u00eancia, fomos ao extremo em cada um dos seus detalhes, o fone para ouvidos exigentes.<br \/>\nPra come\u00e7ar voc\u00ea nunca mais vai se incomodar com os fones de ouvido Bluetooth. Este dispositivo \u00e9 do jeito que seu ouvido gosta de ouvir.<\/p>\n<p><strong>Design<\/strong>: In-Ear. Mas n\u00e3o se engane com a pot\u00eancia das m\u00fasicas. Gra\u00e7as a um novo e exclusivo alto-falante os graves nunca chegaram t\u00e3o alto, o fone que voc\u00ea sempre procurou. Com a tecnologia que voc\u00ea nem sabia que existia.<\/p>\n<p><strong>Alto-falante:<\/strong>\u00a0Alto-falante de 10&#8243; O maior com Driver Din\u00e2mico, Projetado exclusivamente com 10 mil\u00edmetros, ele \u00e9 capaz de entregar alta fidelidade at\u00e9 mesmo fora do canal auditivo.<\/p>\n<p><strong>Conex\u00e3o:<\/strong>\u00a0O Bluetooth 5.2 sinta a liberdade, sem parar de ouvir sua m\u00fasica favorita. Agora voc\u00ea pode dan\u00e7ar e esquecer do seu celular. N\u00e3o \u00e9 \u00e0 toa que suas m\u00fasicas ficam melhores, pot\u00eancia em cada m\u00fasica. Beleza em cada detalhe.<\/p>\n<p><strong>Chamadas:<\/strong>\u00a0Suas videoconfer\u00eancias prometem.<br \/>\nCom 6 Microfones Dedicados com qualidade de est\u00fadio, atrav\u00e9s deles voc\u00ea ter\u00e1 isolamento de ru\u00eddo com intelig\u00eancia de sensibilidade aos n\u00edveis de sons externos. Eles trabalham com o exclusivo processador de Cancelamento de Ru\u00eddo ANC que isola frequ\u00eancias de 40dB. Enquanto captam sua voz, processam e eliminam todo ru\u00eddo. Com tr\u00eas n\u00edveis de Cancelamento de Ru\u00eddo para ambientes diferentes, para que todos em sua chamada escutem sua voz e mais nada.<\/p>\n<p><strong>Resist\u00eancia \u00e0 \u00e1gua:<\/strong>\u00a0Prote\u00e7\u00e3o IPX5, ele n\u00e3o tem medo de se molhar. Resist\u00eancia a respingos, suor e poeira.<\/p>\n<p><strong>Conex\u00e3o com App QCY<\/strong>: Algumas funcionalidades do App parecem m\u00e1gica, trouxemos grandes recursos, Disponivel para todos os modelos de smartphone<br \/>\nComandos &#8211; One, Double or Triple tap. Escolha os comandos para um, dois e tr\u00eas toques, os comandos s\u00e3o configur\u00e1veis no App QCY, voc\u00ea escolhe!<\/p>\n<p>Sleeping Mode. Para voc\u00ea bloquear todos os comandos do fone, e mexer sem se preocupar em acionar qualquer comando.<\/p>\n<p>Play. Pause. Volume. Avan\u00e7ar. Voltar. Atender. Cancelar. E muito mais. \u00c9 poss\u00edvel configurar qualquer um dos comandos, com as a\u00e7\u00f5es que voc\u00ea mais utiliza.<\/p>\n<p>Seu som. Suas regras. Um equalizador capaz de regular cada uma das frequ\u00eancias sonoras, para o seu ouvido curtir suas m\u00fasicas preferidas do jeito que ele gosta.<\/p>\n<p><strong>Game Mode:<\/strong>\u00a0Para turbinar sua performance em todos os seus jogos, com redu\u00e7\u00e3o de lat\u00eancia e otimiza\u00e7\u00e3o do Bluetooth voc\u00ea vai ter uma experi\u00eancia incr\u00edvel jogando seus games preferidos sem perder qualidade de som e sem atrasos. E a lat\u00eancia do QCY HT05\u00ae vai para 0,5ms.<\/p>\n<p>Recarga turbinada: Portas USB-C ultra r\u00e1pidas. Para quem quer rapidez, \u00e9 a melhor sa\u00edda.<\/p>\n<p>Uma bateria de 350mAh com superpoderes do nosso exclusivo sistema Quick Charger. Ela \u00e9 capaz de entregar uma hora de m\u00fasica sem parar, com apenas dez minutos de carga.<\/p>\n<p>Voc\u00ea nunca mais vai ficar sem bateria.<br \/>\n7,5h De m\u00fasica sem parar.<br \/>\n30h Usando as recargas da case.<br \/>\n300 Reprodu\u00e7\u00f5es das suas m\u00fasicas favoritas sem parar.<\/p>\n<p><strong>Para usu\u00e1rios avan\u00e7ados e nem t\u00e3o avan\u00e7ados, detalhes que mudam tudo.<\/strong><\/p>\n<p>Bluetooth 5.2<br \/>\nCodec AAC<br \/>\n3.7 gramas<br \/>\nDriver din\u00e2mico 10mm<br \/>\nFrequ\u00eancia 20 &#8211; 20000Hz<br \/>\nImped\u00e2ncia 32 a 100<br \/>\nSensibilidade 102dB<\/p>\n<p><strong>Conte\u00fado da Embalagem:<\/strong><\/p>\n<p>01x Par de Fones QCY HT05;<br \/>\n01x Case de Carregamento;<br \/>\n01x Cabo Tipo C;<br \/>\n02x Pares de Pontas Extras (P &amp; G);<br \/>\n01x Manual do Usu\u00e1rio.<\/p>\n<\/div>\n<\/div>\n","protected":false},"excerpt":{"rendered":"<p>Conhe\u00e7a mais sobre o QCY HT05 Melobuds ANC Vis\u00e3o geralEspecifica\u00e7\u00f5es t\u00e9cnicas O In-Ear mais aguardado de todos os tempos, o som \u00e9 imbat\u00edvel com alta fidelidade e design inovadores, com Bluetooth 5.2 poderoso, redu\u00e7\u00e3o de lat\u00eancia e qualidade de conex\u00e3o incompar\u00e1veis. Novo design. Super conforto. Cheio de pot\u00eancia, fomos ao extremo em cada um dos [&hellip;]<\/p>\n","protected":false},"featured_media":7285,"comment_status":"open","ping_status":"closed","template":"","meta":[],"product_brand":[],"product_cat":[92],"product_tag":[],"class_list":{"0":"post-7284","1":"product","2":"type-product","3":"status-publish","4":"has-post-thumbnail","6":"product_cat-earbuds","8":"first","9":"instock","10":"sale","11":"shipping-taxable","12":"purchasable","13":"product-type-variable"},"_links":{"self":[{"href":"https:\/\/www.qcygroup.com\/index.php\/wp-json\/wp\/v2\/product\/7284","targetHints":{"allow":["GET"]}}],"collection":[{"href":"https:\/\/www.qcygroup.com\/index.php\/wp-json\/wp\/v2\/product"}],"about":[{"href":"https:\/\/www.qcygroup.com\/index.php\/wp-json\/wp\/v2\/types\/product"}],"replies":[{"embeddable":true,"href":"https:\/\/www.qcygroup.com\/index.php\/wp-json\/wp\/v2\/comments?post=7284"}],"wp:featuredmedia":[{"embeddable":true,"href":"https:\/\/www.qcygroup.com\/index.php\/wp-json\/wp\/v2\/media\/7285"}],"wp:attachment":[{"href":"https:\/\/www.qcygroup.com\/index.php\/wp-json\/wp\/v2\/media?parent=7284"}],"wp:term":[{"taxonomy":"product_brand","embeddable":true,"href":"https:\/\/www.qcygroup.com\/index.php\/wp-json\/wp\/v2\/product_brand?post=7284"},{"taxonomy":"product_cat","embeddable":true,"href":"https:\/\/www.qcygroup.com\/index.php\/wp-json\/wp\/v2\/product_cat?post=7284"},{"taxonomy":"product_tag","embeddable":true,"href":"https:\/\/www.qcygroup.com\/index.php\/wp-json\/wp\/v2\/product_tag?post=7284"}],"curies":[{"name":"wp","href":"https:\/\/api.w.org\/{rel}","templated":true}]}}