{"id":7277,"date":"2026-04-13T10:01:26","date_gmt":"2026-04-13T02:01:26","guid":{"rendered":"https:\/\/www.qcygroup.com\/?post_type=product&#038;p=7277"},"modified":"2026-04-14T10:26:17","modified_gmt":"2026-04-14T02:26:17","slug":"qcy-t32-ailybuds-clear","status":"publish","type":"product","link":"https:\/\/www.qcygroup.com\/index.php\/product\/qcy-t32-ailybuds-clear\/","title":{"rendered":"QCY T32 AilyBuds Clear"},"content":{"rendered":"<div id=\"single-product\" class=\"js-has-new-shipping js-product-detail js-product-container js-shipping-calculator-container\" data-variants=\"[{&quot;product_id&quot;:282580878,&quot;price_short&quot;:&quot;R$199,00&quot;,&quot;price_long&quot;:&quot;R$199,00&quot;,&quot;price_number&quot;:199,&quot;price_number_raw&quot;:19900,&quot;price_with_payment_discount_short&quot;:&quot;R$189,05&quot;,&quot;price_without_taxes&quot;:&quot;R$199,00&quot;,&quot;compare_at_price_short&quot;:&quot;R$286,00&quot;,&quot;compare_at_price_long&quot;:&quot;R$286,00&quot;,&quot;compare_at_price_number&quot;:286,&quot;compare_at_price_number_raw&quot;:28600,&quot;has_promotional_price&quot;:true,&quot;promotional_price_short&quot;:null,&quot;promotional_price_number&quot;:null,&quot;stock&quot;:9,&quot;sku&quot;:&quot;QCYT32-01&quot;,&quot;available&quot;:true,&quot;is_visible&quot;:true,&quot;contact&quot;:false,&quot;option0&quot;:&quot;Preto&quot;,&quot;option1&quot;:null,&quot;option2&quot;:null,&quot;id&quot;:1263655004,&quot;image&quot;:961851247,&quot;image_url&quot;:&quot;\\\/\\\/acdn-us.mitiendanube.com\\\/stores\\\/006\\\/445\\\/639\\\/products\\\/t32-preto-9a2ff35f9f0d6f5da917562269805299-1024-1024.webp&quot;,&quot;installments_data&quot;:&quot;{\\&quot;Nuvem Pago\\&quot;:{\\&quot;1\\&quot;:{\\&quot;installment_value\\&quot;:199,\\&quot;installment_value_cents\\&quot;:19900,\\&quot;interest\\&quot;:0,\\&quot;total_value\\&quot;:199,\\&quot;without_interests\\&quot;:true,\\&quot;collector_is_third_party\\&quot;:false},\\&quot;2\\&quot;:{\\&quot;installment_value\\&quot;:99.5,\\&quot;installment_value_cents\\&quot;:9950,\\&quot;interest\\&quot;:0,\\&quot;total_value\\&quot;:199,\\&quot;without_interests\\&quot;:true,\\&quot;collector_is_third_party\\&quot;:false},\\&quot;3\\&quot;:{\\&quot;installment_value\\&quot;:66.33,\\&quot;installment_value_cents\\&quot;:6633,\\&quot;interest\\&quot;:0,\\&quot;total_value\\&quot;:199,\\&quot;without_interests\\&quot;:true,\\&quot;collector_is_third_party\\&quot;:false},\\&quot;4\\&quot;:{\\&quot;installment_value\\&quot;:49.75,\\&quot;installment_value_cents\\&quot;:4975,\\&quot;interest\\&quot;:0,\\&quot;total_value\\&quot;:199,\\&quot;without_interests\\&quot;:true,\\&quot;collector_is_third_party\\&quot;:false}}}&quot;,&quot;show_payment_discount_disclaimer&quot;:false,&quot;popup_discount_visibility&quot;:{&quot;nuvem-pago&quot;:{&quot;tab_show_discount&quot;:true,&quot;methods&quot;:{&quot;credit_card&quot;:{&quot;show_discount&quot;:false,&quot;show_disclaimer&quot;:false},&quot;pix&quot;:{&quot;show_discount&quot;:true,&quot;show_disclaimer&quot;:false}}}}},{&quot;product_id&quot;:282580878,&quot;price_short&quot;:&quot;R$199,00&quot;,&quot;price_long&quot;:&quot;R$199,00&quot;,&quot;price_number&quot;:199,&quot;price_number_raw&quot;:19900,&quot;price_with_payment_discount_short&quot;:&quot;R$189,05&quot;,&quot;price_without_taxes&quot;:&quot;R$199,00&quot;,&quot;compare_at_price_short&quot;:&quot;R$286,00&quot;,&quot;compare_at_price_long&quot;:&quot;R$286,00&quot;,&quot;compare_at_price_number&quot;:286,&quot;compare_at_price_number_raw&quot;:28600,&quot;has_promotional_price&quot;:true,&quot;promotional_price_short&quot;:null,&quot;promotional_price_number&quot;:null,&quot;stock&quot;:0,&quot;sku&quot;:&quot;QCYT32-02&quot;,&quot;available&quot;:false,&quot;is_visible&quot;:true,&quot;contact&quot;:false,&quot;option0&quot;:&quot;Branco&quot;,&quot;option1&quot;:null,&quot;option2&quot;:null,&quot;id&quot;:1263655001,&quot;image&quot;:961851235,&quot;image_url&quot;:&quot;\\\/\\\/acdn-us.mitiendanube.com\\\/stores\\\/006\\\/445\\\/639\\\/products\\\/t32-branco-a9967e2d863e7d30b117562269799331-1024-1024.webp&quot;,&quot;installments_data&quot;:&quot;{\\&quot;Nuvem Pago\\&quot;:{\\&quot;1\\&quot;:{\\&quot;installment_value\\&quot;:199,\\&quot;installment_value_cents\\&quot;:19900,\\&quot;interest\\&quot;:0,\\&quot;total_value\\&quot;:199,\\&quot;without_interests\\&quot;:true,\\&quot;collector_is_third_party\\&quot;:false},\\&quot;2\\&quot;:{\\&quot;installment_value\\&quot;:99.5,\\&quot;installment_value_cents\\&quot;:9950,\\&quot;interest\\&quot;:0,\\&quot;total_value\\&quot;:199,\\&quot;without_interests\\&quot;:true,\\&quot;collector_is_third_party\\&quot;:false},\\&quot;3\\&quot;:{\\&quot;installment_value\\&quot;:66.33,\\&quot;installment_value_cents\\&quot;:6633,\\&quot;interest\\&quot;:0,\\&quot;total_value\\&quot;:199,\\&quot;without_interests\\&quot;:true,\\&quot;collector_is_third_party\\&quot;:false},\\&quot;4\\&quot;:{\\&quot;installment_value\\&quot;:49.75,\\&quot;installment_value_cents\\&quot;:4975,\\&quot;interest\\&quot;:0,\\&quot;total_value\\&quot;:199,\\&quot;without_interests\\&quot;:true,\\&quot;collector_is_third_party\\&quot;:false}}}&quot;,&quot;show_payment_discount_disclaimer&quot;:false,&quot;popup_discount_visibility&quot;:{&quot;nuvem-pago&quot;:{&quot;tab_show_discount&quot;:true,&quot;methods&quot;:{&quot;credit_card&quot;:{&quot;show_discount&quot;:false,&quot;show_disclaimer&quot;:false},&quot;pix&quot;:{&quot;show_discount&quot;:true,&quot;show_disclaimer&quot;:false}}}}},{&quot;product_id&quot;:282580878,&quot;price_short&quot;:&quot;R$199,00&quot;,&quot;price_long&quot;:&quot;R$199,00&quot;,&quot;price_number&quot;:199,&quot;price_number_raw&quot;:19900,&quot;price_with_payment_discount_short&quot;:&quot;R$189,05&quot;,&quot;price_without_taxes&quot;:&quot;R$199,00&quot;,&quot;compare_at_price_short&quot;:&quot;R$286,00&quot;,&quot;compare_at_price_long&quot;:&quot;R$286,00&quot;,&quot;compare_at_price_number&quot;:286,&quot;compare_at_price_number_raw&quot;:28600,&quot;has_promotional_price&quot;:true,&quot;promotional_price_short&quot;:null,&quot;promotional_price_number&quot;:null,&quot;stock&quot;:0,&quot;sku&quot;:&quot;QCYT32-05&quot;,&quot;available&quot;:false,&quot;is_visible&quot;:true,&quot;contact&quot;:false,&quot;option0&quot;:&quot;Roxo&quot;,&quot;option1&quot;:null,&quot;option2&quot;:null,&quot;id&quot;:1263655006,&quot;image&quot;:961851238,&quot;image_url&quot;:&quot;\\\/\\\/acdn-us.mitiendanube.com\\\/stores\\\/006\\\/445\\\/639\\\/products\\\/t32-roxo-4df25060c6350d585f17562269801151-1024-1024.webp&quot;,&quot;installments_data&quot;:&quot;{\\&quot;Nuvem Pago\\&quot;:{\\&quot;1\\&quot;:{\\&quot;installment_value\\&quot;:199,\\&quot;installment_value_cents\\&quot;:19900,\\&quot;interest\\&quot;:0,\\&quot;total_value\\&quot;:199,\\&quot;without_interests\\&quot;:true,\\&quot;collector_is_third_party\\&quot;:false},\\&quot;2\\&quot;:{\\&quot;installment_value\\&quot;:99.5,\\&quot;installment_value_cents\\&quot;:9950,\\&quot;interest\\&quot;:0,\\&quot;total_value\\&quot;:199,\\&quot;without_interests\\&quot;:true,\\&quot;collector_is_third_party\\&quot;:false},\\&quot;3\\&quot;:{\\&quot;installment_value\\&quot;:66.33,\\&quot;installment_value_cents\\&quot;:6633,\\&quot;interest\\&quot;:0,\\&quot;total_value\\&quot;:199,\\&quot;without_interests\\&quot;:true,\\&quot;collector_is_third_party\\&quot;:false},\\&quot;4\\&quot;:{\\&quot;installment_value\\&quot;:49.75,\\&quot;installment_value_cents\\&quot;:4975,\\&quot;interest\\&quot;:0,\\&quot;total_value\\&quot;:199,\\&quot;without_interests\\&quot;:true,\\&quot;collector_is_third_party\\&quot;:false}}}&quot;,&quot;show_payment_discount_disclaimer&quot;:false,&quot;popup_discount_visibility&quot;:{&quot;nuvem-pago&quot;:{&quot;tab_show_discount&quot;:true,&quot;methods&quot;:{&quot;credit_card&quot;:{&quot;show_discount&quot;:false,&quot;show_disclaimer&quot;:false},&quot;pix&quot;:{&quot;show_discount&quot;:true,&quot;show_disclaimer&quot;:false}}}}}]\" data-store=\"product-detail\">\n<div class=\"d-flex flex-column gap-13\">\n<div class=\"d-flex flex-column align-items-center justify-content-center\">\n<h5 class=\"title_description_init\">Conhe\u00e7a mais sobre o QCY T32 AilyBuds Clear<\/h5>\n<div class=\"d-flex justify-content-between align-items-center gap-10 container_anchors\"><a href=\"https:\/\/www.qcybrasil.com\/produtos\/qcy-t32-ailybuds-clear\/#visao-geral\">Vis\u00e3o geral<\/a><a href=\"https:\/\/www.qcybrasil.com\/produtos\/qcy-t32-ailybuds-clear\/#especificacoes\">Especifica\u00e7\u00f5es t\u00e9cnicas<\/a><\/div>\n<\/div>\n<div class=\"container\" data-short-description=\"\">\n<div class=\"container_short_description\">\n<p>&nbsp;<\/p>\n<p class=\"Paragraph SCXW61001252 BCX8\" lang=\"PT-BR\" xml:lang=\"PT-BR\"><span class=\"TextRun SCXW61001252 BCX8\" lang=\"PT-BR\" xml:lang=\"PT-BR\" data-contrast=\"auto\"><span class=\"NormalTextRun SCXW61001252 BCX8\">Experimente o\u00a0<\/span><span class=\"NormalTextRun SpellingErrorV2Themed SCXW61001252 BCX8\">AilyBuds<\/span>\u00a0<span class=\"NormalTextRun SpellingErrorV2Themed SCXW61001252 BCX8\">Clear<\/span><span class=\"NormalTextRun SCXW61001252 BCX8\">, com<\/span>\u00a0<span class=\"NormalTextRun SCXW61001252 BCX8\">c<\/span><span class=\"NormalTextRun SCXW61001252 BCX8\">onex\u00f5es mais r\u00e1pidas, est\u00e1veis e suaves\u00a0<\/span><span class=\"NormalTextRun SCXW61001252 BCX8\">que\u00a0<\/span><span class=\"NormalTextRun SCXW61001252 BCX8\">garantem uma experi\u00eancia sem interrup\u00e7\u00f5es, enquanto os\u00a0<\/span><\/span><span class=\"TextRun SCXW61001252 BCX8\" lang=\"PT-BR\" xml:lang=\"PT-BR\" data-contrast=\"auto\">4 microfones com tecnologia ENC (Cancelamento de Ru\u00eddo Ambiental)<\/span><span class=\"TextRun SCXW61001252 BCX8\" lang=\"PT-BR\" xml:lang=\"PT-BR\" data-contrast=\"auto\">\u00a0captam sua voz com precis\u00e3o e reduzem ru\u00eddos indesejados, oferecendo chamadas mais claras e n\u00edtidas.<\/span><\/p>\n<p>&nbsp;<\/p>\n<p>&nbsp;<\/p>\n<p class=\"Paragraph SCXW61001252 BCX8\" lang=\"PT-BR\" xml:lang=\"PT-BR\"><span class=\"TextRun SCXW61001252 BCX8\" lang=\"PT-BR\" xml:lang=\"PT-BR\" data-contrast=\"auto\">Redu\u00e7\u00e3o de Ru\u00eddo de Vento Personalizada:<\/span><span class=\"TextRun SCXW61001252 BCX8\" lang=\"PT-BR\" xml:lang=\"PT-BR\" data-contrast=\"auto\"><span class=\"NormalTextRun SCXW61001252 BCX8\">\u00a0Desfrute de conversas cristalinas, mesmo em ambientes ao ar livre. A estrutura inovadora do\u00a0<\/span><span class=\"NormalTextRun SpellingErrorV2Themed SCXW61001252 BCX8\">AilyBuds<\/span>\u00a0<span class=\"NormalTextRun SpellingErrorV2Themed SCXW61001252 BCX8\">Clear<\/span><span class=\"NormalTextRun SCXW61001252 BCX8\">\u00a0minimiza efetivamente o ru\u00eddo do vento, garantindo clareza durante suas liga\u00e7\u00f5es.<\/span><\/span><\/p>\n<p>&nbsp;<\/p>\n<p>&nbsp;<\/p>\n<p class=\"Paragraph SCXW61001252 BCX8\" lang=\"PT-BR\" xml:lang=\"PT-BR\"><span class=\"TextRun SCXW61001252 BCX8\" lang=\"PT-BR\" xml:lang=\"PT-BR\" data-contrast=\"auto\">Carregamento R\u00e1pido e Bateria de Longa Dura\u00e7\u00e3o:<\/span><span class=\"TextRun SCXW61001252 BCX8\" lang=\"PT-BR\" xml:lang=\"PT-BR\" data-contrast=\"auto\">\u00a0Com apenas\u00a0<\/span><span class=\"TextRun SCXW61001252 BCX8\" lang=\"PT-BR\" xml:lang=\"PT-BR\" data-contrast=\"auto\">10 minutos de carga<\/span><span class=\"TextRun SCXW61001252 BCX8\" lang=\"PT-BR\" xml:lang=\"PT-BR\" data-contrast=\"auto\">, obtenha at\u00e9\u00a0<\/span><span class=\"TextRun SCXW61001252 BCX8\" lang=\"PT-BR\" xml:lang=\"PT-BR\" data-contrast=\"auto\">1 hora de reprodu\u00e7\u00e3o<\/span><span class=\"TextRun SCXW61001252 BCX8\" lang=\"PT-BR\" xml:lang=\"PT-BR\" data-contrast=\"auto\">. Aproveite at\u00e9\u00a0<\/span><span class=\"TextRun SCXW61001252 BCX8\" lang=\"PT-BR\" xml:lang=\"PT-BR\" data-contrast=\"auto\">22 horas de autonomia total<\/span><span class=\"TextRun SCXW61001252 BCX8\" lang=\"PT-BR\" xml:lang=\"PT-BR\" data-contrast=\"auto\">\u00a0com o case de carregamento, sendo\u00a0<\/span><span class=\"TextRun SCXW61001252 BCX8\" lang=\"PT-BR\" xml:lang=\"PT-BR\" data-contrast=\"auto\">5 horas<\/span><span class=\"TextRun SCXW61001252 BCX8\" lang=\"PT-BR\" xml:lang=\"PT-BR\" data-contrast=\"auto\">\u00a0de uso cont\u00ednuo dos fones por carga.<\/span><\/p>\n<p>&nbsp;<\/p>\n<p>&nbsp;<\/p>\n<p class=\"Paragraph SCXW61001252 BCX8\" lang=\"PT-BR\" xml:lang=\"PT-BR\"><span class=\"TextRun SCXW61001252 BCX8\" lang=\"PT-BR\" xml:lang=\"PT-BR\" data-contrast=\"auto\">Personaliza\u00e7\u00e3o de Som com 9 Equalizadores:<\/span><span class=\"TextRun SCXW61001252 BCX8\" lang=\"PT-BR\" xml:lang=\"PT-BR\" data-contrast=\"auto\">\u00a0Ajuste o som conforme o seu gosto com\u00a0<\/span><span class=\"TextRun SCXW61001252 BCX8\" lang=\"PT-BR\" xml:lang=\"PT-BR\" data-contrast=\"auto\">9 modos de equaliza\u00e7\u00e3o<\/span><span class=\"TextRun SCXW61001252 BCX8\" lang=\"PT-BR\" xml:lang=\"PT-BR\" data-contrast=\"auto\">\u00a0atrav\u00e9s do aplicativo QCY. Explore diferentes g\u00eaneros musicais com qualidade otimizada.<\/span><\/p>\n<p>&nbsp;<\/p>\n<p>&nbsp;<\/p>\n<p class=\"Paragraph SCXW61001252 BCX8\" lang=\"PT-BR\" xml:lang=\"PT-BR\"><span class=\"TextRun SCXW61001252 BCX8\" lang=\"PT-BR\" xml:lang=\"PT-BR\" data-contrast=\"auto\">Driver de 13mm para Som Potente:<\/span><span class=\"TextRun SCXW61001252 BCX8\" lang=\"PT-BR\" xml:lang=\"PT-BR\" data-contrast=\"auto\">\u00a0Mergulhe em uma experi\u00eancia de \u00e1udio impressionante com drivers de 13mm, entregando graves profundos e agudos cristalinos. Al\u00e9m disso, desfrute de\u00a0<\/span><span class=\"TextRun SCXW61001252 BCX8\" lang=\"PT-BR\" xml:lang=\"PT-BR\" data-contrast=\"auto\">baixa lat\u00eancia de apenas 0,068s<\/span><span class=\"TextRun SCXW61001252 BCX8\" lang=\"PT-BR\" xml:lang=\"PT-BR\" data-contrast=\"auto\">, ideal para jogos competitivos.<\/span><\/p>\n<p>&nbsp;<\/p>\n<p>&nbsp;<\/p>\n<p class=\"Paragraph SCXW61001252 BCX8\" lang=\"PT-BR\" xml:lang=\"PT-BR\"><span class=\"TextRun SCXW61001252 BCX8\" lang=\"PT-BR\" xml:lang=\"PT-BR\" data-contrast=\"auto\">Controle Inteligente e Pr\u00e1tico:<\/span><span class=\"TextRun SCXW61001252 BCX8\" lang=\"PT-BR\" xml:lang=\"PT-BR\" data-contrast=\"auto\"><span class=\"NormalTextRun SCXW61001252 BCX8\">\u00a0Tire fotos ou grave\u00a0<\/span><span class=\"NormalTextRun SpellingErrorV2Themed SCXW61001252 BCX8\">vlogs<\/span><span class=\"NormalTextRun SCXW61001252 BCX8\">\u00a0de maneira f\u00e1cil, apenas tocando nos fones de ouvido. Capture os melhores momentos sem complica\u00e7\u00f5es.<\/span><\/span><\/p>\n<p>&nbsp;<\/p>\n<p>&nbsp;<\/p>\n<p class=\"Paragraph SCXW61001252 BCX8\" lang=\"PT-BR\" xml:lang=\"PT-BR\"><span class=\"TextRun SCXW61001252 BCX8\" lang=\"PT-BR\" xml:lang=\"PT-BR\" data-contrast=\"auto\">Especifica\u00e7\u00f5es T\u00e9cnicas:<\/span><\/p>\n<p>&nbsp;<\/p>\n<p>&nbsp;<\/p>\n<p class=\"Paragraph SCXW61001252 BCX8\" lang=\"PT-BR\" xml:lang=\"PT-BR\"><span class=\"TextRun SCXW61001252 BCX8\" lang=\"PT-BR\" xml:lang=\"PT-BR\" data-contrast=\"auto\">Compatibilidade:<\/span><span class=\"TextRun SCXW61001252 BCX8\" lang=\"PT-BR\" xml:lang=\"PT-BR\" data-contrast=\"auto\">\u00a0iOS e Android<\/span><\/p>\n<p>&nbsp;<\/p>\n<p>&nbsp;<\/p>\n<p class=\"Paragraph SCXW61001252 BCX8\" lang=\"PT-BR\" xml:lang=\"PT-BR\"><span class=\"TextRun SCXW61001252 BCX8\" lang=\"PT-BR\" xml:lang=\"PT-BR\" data-contrast=\"auto\">Vers\u00e3o Bluetooth:<\/span><span class=\"TextRun SCXW61001252 BCX8\" lang=\"PT-BR\" xml:lang=\"PT-BR\" data-contrast=\"auto\">\u00a05.3<\/span><\/p>\n<p>&nbsp;<\/p>\n<p>&nbsp;<\/p>\n<p class=\"Paragraph SCXW61001252 BCX8\" lang=\"PT-BR\" xml:lang=\"PT-BR\"><span class=\"TextRun SCXW61001252 BCX8\" lang=\"PT-BR\" xml:lang=\"PT-BR\" data-contrast=\"auto\">Alcance de Transmiss\u00e3o:<\/span><span class=\"TextRun SCXW61001252 BCX8\" lang=\"PT-BR\" xml:lang=\"PT-BR\" data-contrast=\"auto\">\u00a0At\u00e9 10m<\/span><\/p>\n<p>&nbsp;<\/p>\n<p>&nbsp;<\/p>\n<p class=\"Paragraph SCXW61001252 BCX8\" lang=\"PT-BR\" xml:lang=\"PT-BR\"><span class=\"TextRun SCXW61001252 BCX8\" lang=\"PT-BR\" xml:lang=\"PT-BR\" data-contrast=\"auto\">Autonomia de Bateria:<\/span><span class=\"TextRun SCXW61001252 BCX8\" lang=\"PT-BR\" xml:lang=\"PT-BR\" data-contrast=\"auto\">\u00a05 horas de reprodu\u00e7\u00e3o por carga, at\u00e9 22 horas com o estojo de carregamento<\/span><\/p>\n<p>&nbsp;<\/p>\n<p>&nbsp;<\/p>\n<p class=\"Paragraph SCXW61001252 BCX8\" lang=\"PT-BR\" xml:lang=\"PT-BR\"><span class=\"TextRun SCXW61001252 BCX8\" lang=\"PT-BR\" xml:lang=\"PT-BR\" data-contrast=\"auto\">Perfis Bluetooth:<\/span><span class=\"TextRun SCXW61001252 BCX8\" lang=\"PT-BR\" xml:lang=\"PT-BR\" data-contrast=\"auto\">\u00a0A2DP\/AVRCP\/HFP<\/span><\/p>\n<p>&nbsp;<\/p>\n<p>&nbsp;<\/p>\n<p class=\"Paragraph SCXW61001252 BCX8\" lang=\"PT-BR\" xml:lang=\"PT-BR\"><span class=\"TextRun SCXW61001252 BCX8\" lang=\"PT-BR\" xml:lang=\"PT-BR\" data-contrast=\"auto\">Capacidade da Bateria dos Fones:<\/span><span class=\"TextRun SCXW61001252 BCX8\" lang=\"PT-BR\" xml:lang=\"PT-BR\" data-contrast=\"auto\">\u00a027mAh<\/span><\/p>\n<p>&nbsp;<\/p>\n<p>&nbsp;<\/p>\n<p class=\"Paragraph SCXW61001252 BCX8\" lang=\"PT-BR\" xml:lang=\"PT-BR\"><span class=\"TextRun SCXW61001252 BCX8\" lang=\"PT-BR\" xml:lang=\"PT-BR\" data-contrast=\"auto\">Capacidade da Bateria do Case:<\/span><span class=\"TextRun SCXW61001252 BCX8\" lang=\"PT-BR\" xml:lang=\"PT-BR\" data-contrast=\"auto\">\u00a0350mAh<\/span><\/p>\n<p>&nbsp;<\/p>\n<p>&nbsp;<\/p>\n<p class=\"Paragraph SCXW61001252 BCX8\" lang=\"PT-BR\" xml:lang=\"PT-BR\"><span class=\"TextRun SCXW61001252 BCX8\" lang=\"PT-BR\" xml:lang=\"PT-BR\" data-contrast=\"auto\">Carregamento:<\/span><span class=\"TextRun SCXW61001252 BCX8\" lang=\"PT-BR\" xml:lang=\"PT-BR\" data-contrast=\"auto\">\u00a0Porta USB Tipo C<\/span><\/p>\n<p>&nbsp;<\/p>\n<p>&nbsp;<\/p>\n<p class=\"Paragraph SCXW61001252 BCX8\" lang=\"PT-BR\" xml:lang=\"PT-BR\"><span class=\"TextRun SCXW61001252 BCX8\" lang=\"PT-BR\" xml:lang=\"PT-BR\" data-contrast=\"auto\">Resist\u00eancia IPX5:<\/span><span class=\"TextRun SCXW61001252 BCX8\" lang=\"PT-BR\" xml:lang=\"PT-BR\" data-contrast=\"auto\">\u00a0Prote\u00e7\u00e3o contra respingos e suor durante exerc\u00edcios e atividades ao ar livre.<\/span><span class=\"EOP SCXW61001252 BCX8\" data-ccp-props=\"{&quot;134233117&quot;:false,&quot;134233118&quot;:false,&quot;201341983&quot;:0,&quot;335551550&quot;:6,&quot;335551620&quot;:6,&quot;335559738&quot;:0,&quot;335559739&quot;:0,&quot;335559740&quot;:279}\"><\/p>\n<p><\/span><\/p>\n<p class=\"Paragraph SCXW61001252 BCX8\" lang=\"PT-BR\" xml:lang=\"PT-BR\"><strong>Acompanha na Caixa:<\/strong><\/p>\n<p class=\"Paragraph SCXW61001252 BCX8\" lang=\"PT-BR\" xml:lang=\"PT-BR\">1x Fone de Ouvido Bluetooth QCY T32 Ailybuds Clear;<\/p>\n<p class=\"Paragraph SCXW61001252 BCX8\" lang=\"PT-BR\" xml:lang=\"PT-BR\">1x Cabo USB-C para Carregamento;<\/p>\n<p class=\"Paragraph SCXW61001252 BCX8\" lang=\"PT-BR\" xml:lang=\"PT-BR\">1x Manual de Usu\u00e1rio em Portugu\u00eas.<\/p>\n<p>&nbsp;<\/p>\n<\/div>\n<\/div>\n<\/div>\n<\/div>\n<section id=\"related-products\" class=\"products-section js-related-products section-products-related my-3\" data-store=\"related-products\" data-component=\"related-products\" data-related-amount=\"8\">\n<div class=\"container\">\n<div class=\"products-section-title-container \"><\/div>\n<\/div>\n<\/section>\n","protected":false},"excerpt":{"rendered":"<p>Conhe\u00e7a mais sobre o QCY T32 AilyBuds Clear Vis\u00e3o geralEspecifica\u00e7\u00f5es t\u00e9cnicas &nbsp; Experimente o\u00a0AilyBuds\u00a0Clear, com\u00a0conex\u00f5es mais r\u00e1pidas, est\u00e1veis e suaves\u00a0que\u00a0garantem uma experi\u00eancia sem interrup\u00e7\u00f5es, enquanto os\u00a04 microfones com tecnologia ENC (Cancelamento de Ru\u00eddo Ambiental)\u00a0captam sua voz com precis\u00e3o e reduzem ru\u00eddos indesejados, oferecendo chamadas mais claras e n\u00edtidas. &nbsp; &nbsp; Redu\u00e7\u00e3o de Ru\u00eddo de Vento [&hellip;]<\/p>\n","protected":false},"featured_media":7278,"comment_status":"open","ping_status":"closed","template":"","meta":[],"product_brand":[],"product_cat":[92],"product_tag":[],"class_list":{"0":"post-7277","1":"product","2":"type-product","3":"status-publish","4":"has-post-thumbnail","6":"product_cat-earbuds","8":"first","9":"instock","10":"sale","11":"shipping-taxable","12":"purchasable","13":"product-type-variable"},"_links":{"self":[{"href":"https:\/\/www.qcygroup.com\/index.php\/wp-json\/wp\/v2\/product\/7277","targetHints":{"allow":["GET"]}}],"collection":[{"href":"https:\/\/www.qcygroup.com\/index.php\/wp-json\/wp\/v2\/product"}],"about":[{"href":"https:\/\/www.qcygroup.com\/index.php\/wp-json\/wp\/v2\/types\/product"}],"replies":[{"embeddable":true,"href":"https:\/\/www.qcygroup.com\/index.php\/wp-json\/wp\/v2\/comments?post=7277"}],"wp:featuredmedia":[{"embeddable":true,"href":"https:\/\/www.qcygroup.com\/index.php\/wp-json\/wp\/v2\/media\/7278"}],"wp:attachment":[{"href":"https:\/\/www.qcygroup.com\/index.php\/wp-json\/wp\/v2\/media?parent=7277"}],"wp:term":[{"taxonomy":"product_brand","embeddable":true,"href":"https:\/\/www.qcygroup.com\/index.php\/wp-json\/wp\/v2\/product_brand?post=7277"},{"taxonomy":"product_cat","embeddable":true,"href":"https:\/\/www.qcygroup.com\/index.php\/wp-json\/wp\/v2\/product_cat?post=7277"},{"taxonomy":"product_tag","embeddable":true,"href":"https:\/\/www.qcygroup.com\/index.php\/wp-json\/wp\/v2\/product_tag?post=7277"}],"curies":[{"name":"wp","href":"https:\/\/api.w.org\/{rel}","templated":true}]}}