{"id":7270,"date":"2026-04-13T09:52:47","date_gmt":"2026-04-13T01:52:47","guid":{"rendered":"https:\/\/www.qcygroup.com\/?post_type=product&#038;p=7270"},"modified":"2026-04-14T11:42:03","modified_gmt":"2026-04-14T03:42:03","slug":"qcy-ht07-anc","status":"publish","type":"product","link":"https:\/\/www.qcygroup.com\/index.php\/product\/qcy-ht07-anc\/","title":{"rendered":"QCY HT07 ANC"},"content":{"rendered":"<div class=\"d-flex flex-column align-items-center justify-content-center\">\n<h5 class=\"title_description_init\">Conhe\u00e7a mais sobre o QCY HT07 ANC<\/h5>\n<div class=\"d-flex justify-content-between align-items-center gap-10 container_anchors\"><a href=\"https:\/\/www.qcybrasil.com\/produtos\/qcy-ht07-anc\/#visao-geral\">Vis\u00e3o geral<\/a><a href=\"https:\/\/www.qcybrasil.com\/produtos\/qcy-ht07-anc\/#especificacoes\">Especifica\u00e7\u00f5es t\u00e9cnicas<\/a><\/div>\n<\/div>\n<div class=\"container\" data-short-description=\"\">\n<div class=\"container_short_description\">\n<p>Com a avan\u00e7ada tecnologia Bluetooth 5.2, o fone Bluetooth QCY HT07 ArcBuds ANC garante uma conex\u00e3o est\u00e1vel e r\u00e1pida. O driver din\u00e2mico LCP integrado de 10 mm oferece o som mais natural com graves profundos.<\/p>\n<p>O cancelamento de ru\u00eddos ativo ou ANC, permite que voc\u00ea se concentre em suas m\u00fasicas e conversas no tr\u00e2nsito, na academia, em meio a conversas no escrit\u00f3rio ou durante o voo.<\/p>\n<p>Com 3 modos de redu\u00e7\u00e3o de ru\u00eddo para que voc\u00ea escolha o que melhor se adapta ao ambiente onde voc\u00ea est\u00e1:<\/p>\n<p>Indoor &#8211; para ambientes tranquilos;<\/p>\n<p>Viagens &#8211; para ambientes ruidosos;<\/p>\n<p>Barulhento &#8211; para ambientes muito ruidosos.<\/p>\n<p>Modo transpar\u00eancia com 6 n\u00edveis de cancelamento de ru\u00eddos e op\u00e7\u00e3o de escolha para Aprimoramento Vocal.<\/p>\n<p>Cada fone de ouvido possui 3 microfones, al\u00e9m de um direcionado para o lado de fora para reduzir o ru\u00eddo ambiente de at\u00e9 40 dB. Os 6 microfones profissionais integrados captam com precis\u00e3o sua voz para chamadas viva-voz perfeitas.<\/p>\n<p>O estojo \u00e9 carregado via cabo Tipo C e apenas 10 minutos de carga garantem 2 horas de reprodu\u00e7\u00e3o. Os fones oferecem 7 horas de utiliza\u00e7\u00e3o por carga completa e o estojo de carregamento estende para 32 horas quando o modo ANC est\u00e1 fechado.<\/p>\n<p>Atrav\u00e9s dos comandos por toque \u00e9 poss\u00edvel que voc\u00ea reproduza\/pause faixas, atenda chamadas, pule m\u00fasicas e acesse outras fun\u00e7\u00f5es. Deixe seu smartphone sozinho durante o trabalho ou exerc\u00edcio, tudo que voc\u00ea precisa \u00e9 de um par de fone de ouvido sem fio QCY HT07 ArcBuds ANC.<\/p>\n<p><strong>Conte\u00fado da Embalagem:<\/strong><\/p>\n<p>1x Par de Fones QCY HT07 ArcBuds;<br \/>\n1x Case de Carregamento;<br \/>\n1x Cabo Tipo C;<br \/>\n1x Manual do Usu\u00e1rio.<\/p>\n<\/div>\n<\/div>\n","protected":false},"excerpt":{"rendered":"<p>Conhe\u00e7a mais sobre o QCY HT07 ANC Vis\u00e3o geralEspecifica\u00e7\u00f5es t\u00e9cnicas Com a avan\u00e7ada tecnologia Bluetooth 5.2, o fone Bluetooth QCY HT07 ArcBuds ANC garante uma conex\u00e3o est\u00e1vel e r\u00e1pida. O driver din\u00e2mico LCP integrado de 10 mm oferece o som mais natural com graves profundos. O cancelamento de ru\u00eddos ativo ou ANC, permite que voc\u00ea [&hellip;]<\/p>\n","protected":false},"featured_media":7259,"comment_status":"open","ping_status":"closed","template":"","meta":[],"product_brand":[],"product_cat":[92],"product_tag":[],"class_list":{"0":"post-7270","1":"product","2":"type-product","3":"status-publish","4":"has-post-thumbnail","6":"product_cat-earbuds","8":"first","9":"instock","10":"sale","11":"shipping-taxable","12":"purchasable","13":"product-type-variable"},"_links":{"self":[{"href":"https:\/\/www.qcygroup.com\/index.php\/wp-json\/wp\/v2\/product\/7270","targetHints":{"allow":["GET"]}}],"collection":[{"href":"https:\/\/www.qcygroup.com\/index.php\/wp-json\/wp\/v2\/product"}],"about":[{"href":"https:\/\/www.qcygroup.com\/index.php\/wp-json\/wp\/v2\/types\/product"}],"replies":[{"embeddable":true,"href":"https:\/\/www.qcygroup.com\/index.php\/wp-json\/wp\/v2\/comments?post=7270"}],"wp:featuredmedia":[{"embeddable":true,"href":"https:\/\/www.qcygroup.com\/index.php\/wp-json\/wp\/v2\/media\/7259"}],"wp:attachment":[{"href":"https:\/\/www.qcygroup.com\/index.php\/wp-json\/wp\/v2\/media?parent=7270"}],"wp:term":[{"taxonomy":"product_brand","embeddable":true,"href":"https:\/\/www.qcygroup.com\/index.php\/wp-json\/wp\/v2\/product_brand?post=7270"},{"taxonomy":"product_cat","embeddable":true,"href":"https:\/\/www.qcygroup.com\/index.php\/wp-json\/wp\/v2\/product_cat?post=7270"},{"taxonomy":"product_tag","embeddable":true,"href":"https:\/\/www.qcygroup.com\/index.php\/wp-json\/wp\/v2\/product_tag?post=7270"}],"curies":[{"name":"wp","href":"https:\/\/api.w.org\/{rel}","templated":true}]}}