{"id":7265,"date":"2026-04-13T09:49:43","date_gmt":"2026-04-13T01:49:43","guid":{"rendered":"https:\/\/www.qcygroup.com\/?post_type=product&#038;p=7265"},"modified":"2026-04-14T10:44:00","modified_gmt":"2026-04-14T02:44:00","slug":"qcy-e10","status":"publish","type":"product","link":"https:\/\/www.qcygroup.com\/index.php\/product\/qcy-e10\/","title":{"rendered":"QCY E10"},"content":{"rendered":"<div class=\"d-flex flex-column align-items-center justify-content-center\">\n<h5 class=\"title_description_init\">Conhe\u00e7a mais sobre o QCY E10<\/h5>\n<div class=\"d-flex justify-content-between align-items-center gap-10 container_anchors\"><a href=\"https:\/\/www.qcybrasil.com\/produtos\/qcy-e10\/#visao-geral\">Vis\u00e3o geral<\/a><a href=\"https:\/\/www.qcybrasil.com\/produtos\/qcy-e10\/#especificacoes\">Especifica\u00e7\u00f5es t\u00e9cnicas<\/a><\/div>\n<\/div>\n<div class=\"container\" data-short-description=\"\">\n<div class=\"container_short_description\">\n<p>Fone Sem Fio QCY Ailybuds E10 \u2013 Alta Fidelidade com Tecnologia Avan\u00e7ada<\/p>\n<p>Desfrute de uma experi\u00eancia sonora excepcional com os QCY Ailybuds E10, fones de ouvido sem fio que combinam tecnologia de ponta e design ergon\u00f4mico para oferecer qualidade de \u00e1udio superior e conforto prolongado.<\/p>\n<p><strong>Principais Caracter\u00edsticas:<\/strong><\/p>\n<p>Tecnologia Hi-RES Wireless com LDAC<\/p>\n<p>Transmiss\u00e3o de \u00e1udio em alta resolu\u00e7\u00e3o (at\u00e9 990kbps), garantindo um som detalhado e imersivo, perfeito para quem exige qualidade profissional.<\/p>\n<p><strong>Driver Din\u00e2mico de 13mm<\/strong><\/p>\n<p>Drivers potentes que reproduzem graves profundos, m\u00e9dios claros e agudos cristalinos, proporcionando um equil\u00edbrio sonoro excepcional em qualquer g\u00eanero musical.<\/p>\n<p><strong>Microfone ENC com Redu\u00e7\u00e3o de Ru\u00eddo<\/strong><\/p>\n<p>Tecnologia Environmental Noise Cancellation (ENC) que elimina ru\u00eddos externos durante chamadas, garantindo comunica\u00e7\u00f5es n\u00edtidas mesmo em ambientes barulhentos.<\/p>\n<p><strong>Bateria de Longa Dura\u00e7\u00e3o<\/strong><\/p>\n<p>At\u00e9 4,5 horas de reprodu\u00e7\u00e3o cont\u00ednua com uma \u00fanica carga e 27 horas no total com o estojo de carregamento, para voc\u00ea curtir sua m\u00fasica o dia todo sem preocupa\u00e7\u00f5es.<\/p>\n<p><strong>Conex\u00e3o Bluetooth Est\u00e1vel<\/strong><\/p>\n<p>Compatibilidade ampla e conex\u00e3o instant\u00e2nea, mantendo um sinal forte e sem interrup\u00e7\u00f5es.<\/p>\n<p><strong>Design e Praticidade:<\/strong><\/p>\n<p>Ergon\u00f4mico e leve, ideal para uso prolongado sem desconforto.<\/p>\n<p>Toque sens\u00edvel para controle de m\u00fasica e chamadas com um simples toque.<\/p>\n<p>Estojo compacto que facilita o transporte e recarrega os fones rapidamente.<\/p>\n<p>Perfeito para quem busca alta qualidade de \u00e1udio sem fio, os QCY Ailybuds E10 s\u00e3o a escolha ideal para m\u00fasica, chamadas e muito mais.<\/p>\n<p><strong>Conte\u00fado da Caixa:<\/strong><\/p>\n<p>1x Par de Fones QCY E10;<\/p>\n<p>1x Cabo USB-C;<\/p>\n<p>1x Manual do Usu\u00e1rio.<\/p>\n<\/div>\n<\/div>\n","protected":false},"excerpt":{"rendered":"<p>Conhe\u00e7a mais sobre o QCY E10 Vis\u00e3o geralEspecifica\u00e7\u00f5es t\u00e9cnicas Fone Sem Fio QCY Ailybuds E10 \u2013 Alta Fidelidade com Tecnologia Avan\u00e7ada Desfrute de uma experi\u00eancia sonora excepcional com os QCY Ailybuds E10, fones de ouvido sem fio que combinam tecnologia de ponta e design ergon\u00f4mico para oferecer qualidade de \u00e1udio superior e conforto prolongado. Principais [&hellip;]<\/p>\n","protected":false},"featured_media":7266,"comment_status":"open","ping_status":"closed","template":"","meta":[],"product_brand":[],"product_cat":[92],"product_tag":[],"class_list":{"0":"post-7265","1":"product","2":"type-product","3":"status-publish","4":"has-post-thumbnail","6":"product_cat-earbuds","8":"first","9":"instock","10":"sale","11":"shipping-taxable","12":"purchasable","13":"product-type-variable"},"_links":{"self":[{"href":"https:\/\/www.qcygroup.com\/index.php\/wp-json\/wp\/v2\/product\/7265","targetHints":{"allow":["GET"]}}],"collection":[{"href":"https:\/\/www.qcygroup.com\/index.php\/wp-json\/wp\/v2\/product"}],"about":[{"href":"https:\/\/www.qcygroup.com\/index.php\/wp-json\/wp\/v2\/types\/product"}],"replies":[{"embeddable":true,"href":"https:\/\/www.qcygroup.com\/index.php\/wp-json\/wp\/v2\/comments?post=7265"}],"wp:featuredmedia":[{"embeddable":true,"href":"https:\/\/www.qcygroup.com\/index.php\/wp-json\/wp\/v2\/media\/7266"}],"wp:attachment":[{"href":"https:\/\/www.qcygroup.com\/index.php\/wp-json\/wp\/v2\/media?parent=7265"}],"wp:term":[{"taxonomy":"product_brand","embeddable":true,"href":"https:\/\/www.qcygroup.com\/index.php\/wp-json\/wp\/v2\/product_brand?post=7265"},{"taxonomy":"product_cat","embeddable":true,"href":"https:\/\/www.qcygroup.com\/index.php\/wp-json\/wp\/v2\/product_cat?post=7265"},{"taxonomy":"product_tag","embeddable":true,"href":"https:\/\/www.qcygroup.com\/index.php\/wp-json\/wp\/v2\/product_tag?post=7265"}],"curies":[{"name":"wp","href":"https:\/\/api.w.org\/{rel}","templated":true}]}}