{"id":7251,"date":"2026-04-13T09:40:53","date_gmt":"2026-04-13T01:40:53","guid":{"rendered":"https:\/\/www.qcygroup.com\/?post_type=product&#038;p=7251"},"modified":"2026-04-14T10:33:10","modified_gmt":"2026-04-14T02:33:10","slug":"qcy-t41-air","status":"publish","type":"product","link":"https:\/\/www.qcygroup.com\/index.php\/product\/qcy-t41-air\/","title":{"rendered":"QCY T41 Air"},"content":{"rendered":"<div class=\"d-flex flex-column align-items-center justify-content-center\">\n<h5 class=\"title_description_init\">Conhe\u00e7a mais sobre o QCY T41 Air<\/h5>\n<div class=\"d-flex justify-content-between align-items-center gap-10 container_anchors\"><a href=\"https:\/\/www.qcybrasil.com\/produtos\/qcy-t41-air\/#visao-geral\">Vis\u00e3o geral<\/a><a href=\"https:\/\/www.qcybrasil.com\/produtos\/qcy-t41-air\/#especificacoes\">Especifica\u00e7\u00f5es t\u00e9cnicas<\/a><\/div>\n<\/div>\n<div class=\"container\" data-short-description=\"\">\n<div class=\"container_short_description\">\n<p>O\u00a0<strong>QCY T41<\/strong>\u00a0\u00e9 a escolha perfeita para quem busca alta qualidade de \u00e1udio, conforto e design premium em fones Bluetooth. Com drivers potentes, bateria de longa dura\u00e7\u00e3o e tecnologia avan\u00e7ada, ele \u00e9 ideal para m\u00fasica, jogos e chamadas cristalinas.<\/p>\n<p><strong>DESTAQUES PRINCIPAIS<\/strong><\/p>\n<p>At\u00e9 35 Horas de Bateria<\/p>\n<p>7h cont\u00ednuas nos fones (50% volume) + +28h no estojo (350mAh).<\/p>\n<p>Pronto para acompanhar seu dia sem recargas frequentes.<\/p>\n<p><strong>Bluetooth 5.4 + Modo Baixa Lat\u00eancia<\/strong><\/p>\n<p>Conex\u00e3o ultra-est\u00e1vel e sincroniza\u00e7\u00e3o perfeita para games e v\u00eddeos sem delay.<\/p>\n<p><strong>Drivers Din\u00e2micos de 13mm<\/strong><\/p>\n<p>Graves profundos e agudos n\u00edtidos para uma experi\u00eancia sonora imersiva.<\/p>\n<p><strong>Tecnologia ENC com Redu\u00e7\u00e3o de Ru\u00eddo<\/strong><\/p>\n<p>Chamadas claras mesmo em ambientes barulhentos, com isolamento de ru\u00eddo de vento.<\/p>\n<p><strong>Design Moderno e Superleve<\/strong><\/p>\n<p>Apenas 3,5g por fone \u2013 conforto prolongado para horas de uso.<\/p>\n<p>Textura premium \u2013 estilo e sofistica\u00e7\u00e3o em qualquer ocasi\u00e3o.<\/p>\n<p><strong>O que vem na Caixa?<\/strong><\/p>\n<p>1x Par de Fone QCY Air T41;<\/p>\n<p>1x Cabo UBS-C;<\/p>\n<p>1x Manual de Usu\u00e1rio.<\/p>\n<\/div>\n<\/div>\n","protected":false},"excerpt":{"rendered":"<p>Conhe\u00e7a mais sobre o QCY T41 Air Vis\u00e3o geralEspecifica\u00e7\u00f5es t\u00e9cnicas O\u00a0QCY T41\u00a0\u00e9 a escolha perfeita para quem busca alta qualidade de \u00e1udio, conforto e design premium em fones Bluetooth. Com drivers potentes, bateria de longa dura\u00e7\u00e3o e tecnologia avan\u00e7ada, ele \u00e9 ideal para m\u00fasica, jogos e chamadas cristalinas. DESTAQUES PRINCIPAIS At\u00e9 35 Horas de Bateria [&hellip;]<\/p>\n","protected":false},"featured_media":7256,"comment_status":"open","ping_status":"closed","template":"","meta":[],"product_brand":[],"product_cat":[92],"product_tag":[],"class_list":{"0":"post-7251","1":"product","2":"type-product","3":"status-publish","4":"has-post-thumbnail","6":"product_cat-earbuds","8":"first","9":"instock","10":"sale","11":"shipping-taxable","12":"purchasable","13":"product-type-variable"},"_links":{"self":[{"href":"https:\/\/www.qcygroup.com\/index.php\/wp-json\/wp\/v2\/product\/7251","targetHints":{"allow":["GET"]}}],"collection":[{"href":"https:\/\/www.qcygroup.com\/index.php\/wp-json\/wp\/v2\/product"}],"about":[{"href":"https:\/\/www.qcygroup.com\/index.php\/wp-json\/wp\/v2\/types\/product"}],"replies":[{"embeddable":true,"href":"https:\/\/www.qcygroup.com\/index.php\/wp-json\/wp\/v2\/comments?post=7251"}],"wp:featuredmedia":[{"embeddable":true,"href":"https:\/\/www.qcygroup.com\/index.php\/wp-json\/wp\/v2\/media\/7256"}],"wp:attachment":[{"href":"https:\/\/www.qcygroup.com\/index.php\/wp-json\/wp\/v2\/media?parent=7251"}],"wp:term":[{"taxonomy":"product_brand","embeddable":true,"href":"https:\/\/www.qcygroup.com\/index.php\/wp-json\/wp\/v2\/product_brand?post=7251"},{"taxonomy":"product_cat","embeddable":true,"href":"https:\/\/www.qcygroup.com\/index.php\/wp-json\/wp\/v2\/product_cat?post=7251"},{"taxonomy":"product_tag","embeddable":true,"href":"https:\/\/www.qcygroup.com\/index.php\/wp-json\/wp\/v2\/product_tag?post=7251"}],"curies":[{"name":"wp","href":"https:\/\/api.w.org\/{rel}","templated":true}]}}