{"id":7236,"date":"2026-04-13T09:24:06","date_gmt":"2026-04-13T01:24:06","guid":{"rendered":"https:\/\/www.qcygroup.com\/?post_type=product&#038;p=7236"},"modified":"2026-04-19T01:02:18","modified_gmt":"2026-04-18T17:02:18","slug":"qcy-ht10-ailybuds-pro","status":"publish","type":"product","link":"https:\/\/www.qcygroup.com\/index.php\/product\/qcy-ht10-ailybuds-pro\/","title":{"rendered":"QCY HT10 Ailybuds Pro"},"content":{"rendered":"<div class=\"d-flex flex-column align-items-center justify-content-center\">\n<h5 class=\"title_description_init\">Conhe\u00e7a mais sobre o QCY HT10 Ailybuds Pro<\/h5>\n<div class=\"d-flex justify-content-between align-items-center gap-10 container_anchors\"><a href=\"https:\/\/www.qcybrasil.com\/produtos\/qcy-ht10-ailybuds-pro\/#visao-geral\">Vis\u00e3o geral<\/a><a href=\"https:\/\/www.qcybrasil.com\/produtos\/qcy-ht10-ailybuds-pro\/#especificacoes\">Especifica\u00e7\u00f5es t\u00e9cnicas<\/a><\/div>\n<\/div>\n<div class=\"container\" data-short-description=\"\">\n<div class=\"container_short_description\">\n<p>Descubra o poder dos QCY HT10 AilyBuds Pro, os fones de ouvido sem fio perfeitos para quem busca qualidade de som superior e isolamento ac\u00fastico. Equipados com cancelamento de ru\u00eddo ativo adaptativo (ANC), eles se ajustam automaticamente ao seu canal auditivo e ao ambiente ao redor, eliminando o ru\u00eddo externo para uma experi\u00eancia de \u00e1udio imersiva. Com um design anti-vento, eles s\u00e3o ideais para uso ao ar livre.<\/p>\n<p><strong>Principais Caracter\u00edsticas:<\/strong><\/p>\n<p><strong>Cancelamento de Ru\u00eddo Ativo Inteligente (ANC):<\/strong>\u00a0Detecta e ajusta os par\u00e2metros de cancelamento de ru\u00eddo em tempo real, garantindo isolamento de alta performance, mesmo em ambientes desafiadores.<\/p>\n<p><strong>\u00c1udio Preciso e Envolvente:<\/strong>\u00a0Drivers de 13mm proporcionam um som rico em detalhes, enquanto 6 microfones bloqueiam ru\u00eddos externos para chamadas cristalinas.<\/p>\n<p><strong>Bluetooth 5.3:<\/strong>\u00a0Conectividade de \u00faltima gera\u00e7\u00e3o, com maior estabilidade e menor consumo de energia, proporcionando uma experi\u00eancia fluida.<\/p>\n<p><strong>Conex\u00e3o Multiponto:<\/strong>\u00a0Conecte-se simultaneamente a dois dispositivos, facilitando a altern\u00e2ncia entre tarefas.<\/p>\n<p><strong>Bateria de Longa Dura\u00e7\u00e3o:<\/strong>\u00a0Desfrute de at\u00e9 30 horas de reprodu\u00e7\u00e3o total com o estojo de carregamento. Com o ANC desligado, tenha 5h30m de \u00e1udio cont\u00ednuo e, com o ANC ativado, aproveite at\u00e9 4 horas de m\u00fasica ininterrupta.<\/p>\n<p><strong>Modo Game com Lat\u00eancia Ultra Baixa:<\/strong>\u00a0Experi\u00eancia de jogo otimizada com lat\u00eancia de apenas 80ms, para uma jogabilidade sem atrasos.<\/p>\n<p>Leve a sua experi\u00eancia de \u00e1udio ao pr\u00f3ximo n\u00edvel com o QCY HT10 AilyBuds Pro, projetado para quem busca performance, qualidade e conveni\u00eancia.<\/p>\n<p><strong>Caracter\u00edsticas T\u00e9cnicas:<\/strong><\/p>\n<p>Vers\u00e3o Bluetooth: 5.3<\/p>\n<p>Conex\u00e3o Dist\u00e2ncia: 10 m<\/p>\n<p>Vida \u00fatil total da bateria: 23 horas (ANC ON), aprox. 30 horas (ANC OFF)<\/p>\n<p>Carga \u00fanica: Aprox. 4 horas (ANC ON para m\u00fasica), aprox. 5 horas (ANC OFF para m\u00fasica)<\/p>\n<p>Protocolos suportados: HFP\/A2DP\/AVRCP<\/p>\n<p>Capacidade da bateria da case: 350mAh<\/p>\n<p>Capacidade da bateria dos fones: 27mAh<\/p>\n<p>Porta: Tipo-C<\/p>\n<p>Avalia\u00e7\u00e3o imperme\u00e1vel: IPX5<\/p>\n<\/div>\n<\/div>\n","protected":false},"excerpt":{"rendered":"<p>Conhe\u00e7a mais sobre o QCY HT10 Ailybuds Pro Vis\u00e3o geralEspecifica\u00e7\u00f5es t\u00e9cnicas Descubra o poder dos QCY HT10 AilyBuds Pro, os fones de ouvido sem fio perfeitos para quem busca qualidade de som superior e isolamento ac\u00fastico. Equipados com cancelamento de ru\u00eddo ativo adaptativo (ANC), eles se ajustam automaticamente ao seu canal auditivo e ao ambiente [&hellip;]<\/p>\n","protected":false},"featured_media":7238,"comment_status":"open","ping_status":"closed","template":"","meta":[],"product_brand":[],"product_cat":[92],"product_tag":[],"class_list":{"0":"post-7236","1":"product","2":"type-product","3":"status-publish","4":"has-post-thumbnail","6":"product_cat-earbuds","8":"first","9":"instock","10":"sale","11":"shipping-taxable","12":"purchasable","13":"product-type-variable"},"_links":{"self":[{"href":"https:\/\/www.qcygroup.com\/index.php\/wp-json\/wp\/v2\/product\/7236","targetHints":{"allow":["GET"]}}],"collection":[{"href":"https:\/\/www.qcygroup.com\/index.php\/wp-json\/wp\/v2\/product"}],"about":[{"href":"https:\/\/www.qcygroup.com\/index.php\/wp-json\/wp\/v2\/types\/product"}],"replies":[{"embeddable":true,"href":"https:\/\/www.qcygroup.com\/index.php\/wp-json\/wp\/v2\/comments?post=7236"}],"wp:featuredmedia":[{"embeddable":true,"href":"https:\/\/www.qcygroup.com\/index.php\/wp-json\/wp\/v2\/media\/7238"}],"wp:attachment":[{"href":"https:\/\/www.qcygroup.com\/index.php\/wp-json\/wp\/v2\/media?parent=7236"}],"wp:term":[{"taxonomy":"product_brand","embeddable":true,"href":"https:\/\/www.qcygroup.com\/index.php\/wp-json\/wp\/v2\/product_brand?post=7236"},{"taxonomy":"product_cat","embeddable":true,"href":"https:\/\/www.qcygroup.com\/index.php\/wp-json\/wp\/v2\/product_cat?post=7236"},{"taxonomy":"product_tag","embeddable":true,"href":"https:\/\/www.qcygroup.com\/index.php\/wp-json\/wp\/v2\/product_tag?post=7236"}],"curies":[{"name":"wp","href":"https:\/\/api.w.org\/{rel}","templated":true}]}}