{"id":7233,"date":"2026-04-13T09:10:42","date_gmt":"2026-04-13T01:10:42","guid":{"rendered":"https:\/\/www.qcygroup.com\/?post_type=product&#038;p=7233"},"modified":"2026-04-16T14:30:23","modified_gmt":"2026-04-16T06:30:23","slug":"qcy-t17","status":"publish","type":"product","link":"https:\/\/www.qcygroup.com\/index.php\/product\/qcy-t17\/","title":{"rendered":"QCY T17"},"content":{"rendered":"<div class=\"d-flex flex-column align-items-center justify-content-center\">\n<h5 class=\"title_description_init\">Conhe\u00e7a mais sobre o QCY T17<\/h5>\n<div class=\"d-flex justify-content-between align-items-center gap-10 container_anchors\"><a href=\"https:\/\/www.qcybrasil.com\/produtos\/qcy-t17\/#visao-geral\">Vis\u00e3o geral<\/a><a href=\"https:\/\/www.qcybrasil.com\/produtos\/qcy-t17\/#especificacoes\">Especifica\u00e7\u00f5es t\u00e9cnicas<\/a><\/div>\n<\/div>\n<div class=\"container\" data-short-description=\"\">\n<div class=\"container_short_description\">\n<p>O Fone de Ouvido Sem Fio QCY T17 TWS tem um design compacto e ultraleve, confort\u00e1vel de usar como uma pena leve e discreto no ouvido, com design ergon\u00f4mico, proporciona um ajuste confort\u00e1vel e seguro que n\u00e3o se projeta de seus ouvidos, especialmente para esportes , treino e gin\u00e1sio.<\/p>\n<p>Possui tecnologia Bluetooth para poder conect\u00e1-los ao seu smartphone, compat\u00edvel com todos os modelos, e permitir\u00e1 que voc\u00ea os use individualmente e em modo est\u00e9reo.<br \/>\nPossui um som marcante e amplo, tornando os agudos cheios de din\u00e2mica, e os graves potentes. Cancelamento de ru\u00eddo para chamadas, com microfone duplo com algoritmo CVC da Qualcomm para chamadas de qualidade. A bateria tem uma autonomia aproximada de 7.5 horas em uso normal e at\u00e9 26 horas com o estojo de carregamento. Al\u00e9m de poder fazer chamadas, os QCY T17 possuem conex\u00e3o com assistentes de voz<\/p>\n<p><strong>Bluetooth 5.1<\/strong>\u00a0&#8211; Com a mais recente tecnologia Bluetooth 5.1, o T17 possui qualidade de som superior e sinal forte, para que n\u00e3o haja desconex\u00e3o ao ouvir m\u00fasica ou fazer liga\u00e7\u00f5es em um raio de 12 metros.<\/p>\n<p><strong>Ou\u00e7a por mais tempo<\/strong>\u00a0&#8211; Com at\u00e9 26 horas de dura\u00e7\u00e3o da bateria, voc\u00ea pode ouvir o dia todo e noite adentro. Ou\u00e7a o seu pr\u00f3prio show particular pelo tempo que voc\u00ea quiser.<\/p>\n<p><strong>Um ou os dois fones &#8211;<\/strong>\u00a0Ouvido esquerdo, direito ou os dois? Com o Dual Connect, \u00e9 voc\u00ea quem escolhe. Ou\u00e7a as suas m\u00fasicas e chamadas telef\u00f4nicas usando um ou os dois fones. E a bateria acompanha o seu ritmo, j\u00e1 que voc\u00ea pode recarregar um fone enquanto usa o outro.<\/p>\n<p><strong>Ajuste confort\u00e1vel<\/strong>\u00a0&#8211; Com os fones de ouvido QCY T17, voc\u00ea tem total liberdade e conforto. Os 3 tamanhos de ponteiras auriculares se ajustam perfeitamente para garantir um encaixe seguro.<\/p>\n<p><strong>Chamadas viva-voz e acesso ao assistente de voz &#8211;\u00a0<\/strong>Gerencie suas chamadas, ou fale com o seu assistente de voz usando apenas um dedo.<\/p>\n<p><strong>Dados t\u00e9cnicos:<\/strong><\/p>\n<p>Modelo: QCY-T17<\/p>\n<p>Dimens\u00f5es Embalagem: 125 x 85 x 35 mm<\/p>\n<p>Cor: Preto<\/p>\n<p>Peso Embalagem: 75 g<\/p>\n<p>Marca: QCY<\/p>\n<p>\u00c1udio: Codec de \u00e1udio AAC<\/p>\n<p>Bateria: At\u00e9 7.5hr Aprox \/ Carga 2hr Aprox \/ 380mAh (estojo)<\/p>\n<p>Conex\u00f5es: USB Tipo-C<\/p>\n<p>Bluetooth: 5.1 (HFP\/A2DP\/AVRCP)<\/p>\n<p>Alcance Aproximado: 10m<\/p>\n<\/div>\n<\/div>\n","protected":false},"excerpt":{"rendered":"<p>Conhe\u00e7a mais sobre o QCY T17 Vis\u00e3o geralEspecifica\u00e7\u00f5es t\u00e9cnicas O Fone de Ouvido Sem Fio QCY T17 TWS tem um design compacto e ultraleve, confort\u00e1vel de usar como uma pena leve e discreto no ouvido, com design ergon\u00f4mico, proporciona um ajuste confort\u00e1vel e seguro que n\u00e3o se projeta de seus ouvidos, especialmente para esportes , [&hellip;]<\/p>\n","protected":false},"featured_media":7249,"comment_status":"open","ping_status":"closed","template":"","meta":[],"product_brand":[],"product_cat":[92],"product_tag":[],"class_list":{"0":"post-7233","1":"product","2":"type-product","3":"status-publish","4":"has-post-thumbnail","6":"product_cat-earbuds","8":"first","9":"instock","10":"sale","11":"shipping-taxable","12":"purchasable","13":"product-type-variable"},"_links":{"self":[{"href":"https:\/\/www.qcygroup.com\/index.php\/wp-json\/wp\/v2\/product\/7233","targetHints":{"allow":["GET"]}}],"collection":[{"href":"https:\/\/www.qcygroup.com\/index.php\/wp-json\/wp\/v2\/product"}],"about":[{"href":"https:\/\/www.qcygroup.com\/index.php\/wp-json\/wp\/v2\/types\/product"}],"replies":[{"embeddable":true,"href":"https:\/\/www.qcygroup.com\/index.php\/wp-json\/wp\/v2\/comments?post=7233"}],"wp:featuredmedia":[{"embeddable":true,"href":"https:\/\/www.qcygroup.com\/index.php\/wp-json\/wp\/v2\/media\/7249"}],"wp:attachment":[{"href":"https:\/\/www.qcygroup.com\/index.php\/wp-json\/wp\/v2\/media?parent=7233"}],"wp:term":[{"taxonomy":"product_brand","embeddable":true,"href":"https:\/\/www.qcygroup.com\/index.php\/wp-json\/wp\/v2\/product_brand?post=7233"},{"taxonomy":"product_cat","embeddable":true,"href":"https:\/\/www.qcygroup.com\/index.php\/wp-json\/wp\/v2\/product_cat?post=7233"},{"taxonomy":"product_tag","embeddable":true,"href":"https:\/\/www.qcygroup.com\/index.php\/wp-json\/wp\/v2\/product_tag?post=7233"}],"curies":[{"name":"wp","href":"https:\/\/api.w.org\/{rel}","templated":true}]}}