{"id":7221,"date":"2026-04-13T09:04:00","date_gmt":"2026-04-13T01:04:00","guid":{"rendered":"https:\/\/www.qcygroup.com\/?post_type=product&#038;p=7221"},"modified":"2026-04-16T14:25:56","modified_gmt":"2026-04-16T06:25:56","slug":"qcy-t13-anc","status":"publish","type":"product","link":"https:\/\/www.qcygroup.com\/index.php\/product\/qcy-t13-anc\/","title":{"rendered":"QCY T13 ANC"},"content":{"rendered":"<div class=\"d-flex flex-column align-items-center justify-content-center\">\n<h5 class=\"title_description_init\">Conhe\u00e7a mais sobre o QCY T13 ANC<\/h5>\n<div class=\"d-flex justify-content-between align-items-center gap-10 container_anchors\"><a href=\"https:\/\/www.qcybrasil.com\/produtos\/qcy-t13-anc\/#visao-geral\">Vis\u00e3o geral<\/a><a href=\"https:\/\/www.qcybrasil.com\/produtos\/qcy-t13-anc\/#especificacoes\">Especifica\u00e7\u00f5es t\u00e9cnicas<\/a><\/div>\n<\/div>\n<div class=\"container\" data-short-description=\"\">\n<div class=\"container_short_description\">\n<p><strong>Qualidade de som excepcional:<\/strong><\/p>\n<p>Nossos verdadeiros fones de ouvido sem fio adotam a avan\u00e7ada tecnologia Bluetooth 5.3 para garantir uma conex\u00e3o est\u00e1vel e r\u00e1pida. O driver din\u00e2mico LCP de 10 mm integrado fornece o som mais natural e graves profundos.<\/p>\n<p><strong>Cancelamento de Ru\u00eddo Ativo &#8211; ANC (Active Noise Cancelling):<\/strong><br \/>\nEsses fones de ouvido sem fio podem cancelar at\u00e9 28dB de ru\u00eddo de fundo.<br \/>\nO modo ANC permite que voc\u00ea se concentre em suas m\u00fasicas e conversas durante o tr\u00e2nsito, exerc\u00edcios, bate-papos no escrit\u00f3rio ou voando.<\/p>\n<p><strong>Qualidade de chamada cristalina:<\/strong><br \/>\nCada fone de ouvido tem 2 microfones, um total de 4 microfones profissionais pode reduzir 90% dos ru\u00eddos de fundo e fornecer detec\u00e7\u00e3o de voz clara mesmo em ambientes ruidosos.<\/p>\n<p><strong>Ou\u00e7a o dia todo, carregue em minutos:<\/strong><br \/>\nVoc\u00ea est\u00e1 com pressa? Apenas uma carga r\u00e1pida de 10 minutos oferece at\u00e9 60 minutos de reprodu\u00e7\u00e3o. Os fones de ouvido Bluetooth oferecem 7 horas de trabalho por carga completa, e o estojo de carregamento estende isso para 30 horas com o modo ANC desligado.<\/p>\n<p><strong>Tudo est\u00e1 ao seu alcance:<\/strong><br \/>\nOs fones de ouvido Bluetooth permitem que voc\u00ea reproduza\/pause convenientemente, atenda chamadas, pule m\u00fasicas e acesse outras fun\u00e7\u00f5es com o toque de um bot\u00e3o. Ao trabalhar ou se exercitar, deixe seu smartphone de lado, tudo o que voc\u00ea precisa \u00e9 de um par de QCY T13 ANC.<\/p>\n<p><strong>Especifica\u00e7\u00f5es:<\/strong><\/p>\n<p>Marca: QCY<br \/>\nModelo: T13 ANC<br \/>\nCor: Preto \/ Branco<br \/>\nMaterial: ABSP | Pl\u00e1stico<br \/>\nTipo de uso: Intra-auricular<br \/>\nTecnologia ANC (Active Noise Cancelling) Cancelamento de Ru\u00eddo Ativo 28dB &#8211; Wind Noise Cancellation<br \/>\nTecnologia ENC (Redu\u00e7\u00e3o de Ru\u00eddos em Chamadas) com 4 microfones.<br \/>\nPrompt de voz: Sim<br \/>\nMicrofone: Sim<br \/>\nVers\u00e3o do Bluetooth: 5.3 &#8211; 68ms Baixa Lat\u00eancia<br \/>\nDist\u00e2ncia de Transmiss\u00e3o: At\u00e9 10m (sem barreiras)<br \/>\nFrequ\u00eancia 20 &#8211; 20000Hz<br \/>\nCodec AAC | SBC<br \/>\nPeso de cada fone: 4g (aproximadamente)<br \/>\nDriver: 10mm<br \/>\nProte\u00e7\u00e3o: IPX5 (resist\u00eancia a respingos e poeira)<br \/>\nCapacidade de bateria Case de carregamento: 380mAh, 3.7V (30 horas de uso)<br \/>\nM\u00e9todo de carregamento: Case de carregamento \/ Cabo USB C<br \/>\nCada fone de ouvido: 43mAh, 3.7 V<br \/>\nTempo de carregamento (h) 1-2h<br \/>\nTempo de uso (m\u00fasica e conversa\u00e7\u00e3o) 6 a 8 horas<br \/>\nTempo de espera (h) 120 h<br \/>\nImped\u00e2ncia 32 ohms<br \/>\nResist\u00eancia 32 ohms<br \/>\nSensibilidade 108 dB<br \/>\nCertificado: CE,FCC,BQB<\/p>\n<p><strong>Conte\u00fado da Caixa:<\/strong><\/p>\n<p>1 x Par de Fones QCY T13 ANC;<br \/>\n2 x Borrachinhas Extras (P e G);<br \/>\n1 x Case de Carregamento;<br \/>\n1 x Cabo USB C;<br \/>\n1 x Manual do Usu\u00e1rio em portugu\u00eas.<\/p>\n<\/div>\n<\/div>\n","protected":false},"excerpt":{"rendered":"<p>Conhe\u00e7a mais sobre o QCY T13 ANC Vis\u00e3o geralEspecifica\u00e7\u00f5es t\u00e9cnicas Qualidade de som excepcional: Nossos verdadeiros fones de ouvido sem fio adotam a avan\u00e7ada tecnologia Bluetooth 5.3 para garantir uma conex\u00e3o est\u00e1vel e r\u00e1pida. O driver din\u00e2mico LCP de 10 mm integrado fornece o som mais natural e graves profundos. Cancelamento de Ru\u00eddo Ativo &#8211; [&hellip;]<\/p>\n","protected":false},"featured_media":7222,"comment_status":"open","ping_status":"closed","template":"","meta":[],"product_brand":[],"product_cat":[92],"product_tag":[],"class_list":{"0":"post-7221","1":"product","2":"type-product","3":"status-publish","4":"has-post-thumbnail","6":"product_cat-earbuds","8":"first","9":"instock","10":"sale","11":"shipping-taxable","12":"purchasable","13":"product-type-variable"},"_links":{"self":[{"href":"https:\/\/www.qcygroup.com\/index.php\/wp-json\/wp\/v2\/product\/7221","targetHints":{"allow":["GET"]}}],"collection":[{"href":"https:\/\/www.qcygroup.com\/index.php\/wp-json\/wp\/v2\/product"}],"about":[{"href":"https:\/\/www.qcygroup.com\/index.php\/wp-json\/wp\/v2\/types\/product"}],"replies":[{"embeddable":true,"href":"https:\/\/www.qcygroup.com\/index.php\/wp-json\/wp\/v2\/comments?post=7221"}],"wp:featuredmedia":[{"embeddable":true,"href":"https:\/\/www.qcygroup.com\/index.php\/wp-json\/wp\/v2\/media\/7222"}],"wp:attachment":[{"href":"https:\/\/www.qcygroup.com\/index.php\/wp-json\/wp\/v2\/media?parent=7221"}],"wp:term":[{"taxonomy":"product_brand","embeddable":true,"href":"https:\/\/www.qcygroup.com\/index.php\/wp-json\/wp\/v2\/product_brand?post=7221"},{"taxonomy":"product_cat","embeddable":true,"href":"https:\/\/www.qcygroup.com\/index.php\/wp-json\/wp\/v2\/product_cat?post=7221"},{"taxonomy":"product_tag","embeddable":true,"href":"https:\/\/www.qcygroup.com\/index.php\/wp-json\/wp\/v2\/product_tag?post=7221"}],"curies":[{"name":"wp","href":"https:\/\/api.w.org\/{rel}","templated":true}]}}