{"id":7206,"date":"2026-04-12T16:38:35","date_gmt":"2026-04-12T08:38:35","guid":{"rendered":"https:\/\/www.qcygroup.com\/?post_type=product&#038;p=7206"},"modified":"2026-04-12T17:36:41","modified_gmt":"2026-04-12T09:36:41","slug":"qcy-t31-melobuds-neo","status":"publish","type":"product","link":"https:\/\/www.qcygroup.com\/index.php\/product\/qcy-t31-melobuds-neo\/","title":{"rendered":"QCY T31 Melobuds Neo"},"content":{"rendered":"<div class=\"d-flex flex-column align-items-center justify-content-center\">\n<h5 class=\"title_description_init\">Conhe\u00e7a mais sobre o QCY T31 Melobuds Neo<\/h5>\n<div class=\"d-flex justify-content-between align-items-center gap-10 container_anchors\"><a href=\"https:\/\/www.qcybrasil.com\/produtos\/qcy-t31-melobuds-neo\/#visao-geral\">Vis\u00e3o geral<\/a><a href=\"https:\/\/www.qcybrasil.com\/produtos\/qcy-t31-melobuds-neo\/#especificacoes\">Especifica\u00e7\u00f5es t\u00e9cnicas<\/a><\/div>\n<\/div>\n<div class=\"container\" data-short-description=\"\">\n<div class=\"container_short_description\">\n<p>&nbsp;<\/p>\n<p class=\"Paragraph SCXW114994198 BCX8\"><span class=\"TextRun SCXW114994198 BCX8\" lang=\"PT-BR\" xml:lang=\"PT-BR\" data-contrast=\"auto\"><span class=\"NormalTextRun SCXW114994198 BCX8\">Experimente o\u00a0<strong>QCY\u00a0<\/strong><\/span><strong><span class=\"NormalTextRun SpellingErrorV2Themed SCXW114994198 BCX8\">MeloBuds<\/span>\u00a0<span class=\"NormalTextRun SpellingErrorV2Themed SCXW114994198 BCX8\">Neo<\/span><\/strong><span class=\"NormalTextRun SCXW114994198 BCX8\"><strong>\u00a0(T31)<\/strong>, um fone de ouvido que combina estilo e tecnologia para uma experi\u00eancia de \u00e1udio \u00fanica. Com um estojo de carregamento transparente e um design moderno inspirado na tecnologia, o QCY\u00a0<\/span><span class=\"NormalTextRun SpellingErrorV2Themed SCXW114994198 BCX8\">MeloBuds<\/span>\u00a0<span class=\"NormalTextRun SpellingErrorV2Themed SCXW114994198 BCX8\">Neo<\/span><span class=\"NormalTextRun SCXW114994198 BCX8\">\u00a0\u00e9 um acess\u00f3rio que se destaca.<\/span><\/span><\/p>\n<p>&nbsp;<\/p>\n<p>&nbsp;<\/p>\n<p class=\"Paragraph SCXW114994198 BCX8\"><span class=\"TextRun SCXW114994198 BCX8\" lang=\"PT-BR\" xml:lang=\"PT-BR\" data-contrast=\"auto\">Acompanhe o n\u00edvel da bateria com facilidade: o display digital LED integrado exibe o status da bateria do estojo de carregamento e dos fones de ouvido sempre que a tampa \u00e9 aberta, permitindo que voc\u00ea mantenha o controle da autonomia.<\/span><\/p>\n<p>&nbsp;<\/p>\n<p>&nbsp;<\/p>\n<p class=\"Paragraph SCXW114994198 BCX8\"><span class=\"TextRun SCXW114994198 BCX8\" lang=\"PT-BR\" xml:lang=\"PT-BR\" data-contrast=\"auto\"><span class=\"NormalTextRun SCXW114994198 BCX8\">Com drivers de 10 mm, o QCY\u00a0<\/span><span class=\"NormalTextRun SpellingErrorV2Themed SCXW114994198 BCX8\">MeloBuds<\/span>\u00a0<span class=\"NormalTextRun SpellingErrorV2Themed SCXW114994198 BCX8\">Neo<\/span><span class=\"NormalTextRun SCXW114994198 BCX8\">\u00a0oferece qualidade de som impressionante, reproduzindo at\u00e9 os detalhes mais sutis da sua m\u00fasica favorita. Al\u00e9m disso, voc\u00ea pode personalizar sua experi\u00eancia sonora com 9 configura\u00e7\u00f5es de equaliza\u00e7\u00e3o de n\u00edvel de est\u00fadio, garantindo que o som seja ajustado exatamente ao seu gosto.<\/span><\/span><\/p>\n<p>&nbsp;<\/p>\n<p>&nbsp;<\/p>\n<p class=\"Paragraph SCXW114994198 BCX8\"><span class=\"TextRun SCXW114994198 BCX8\" lang=\"PT-BR\" xml:lang=\"PT-BR\" data-contrast=\"auto\">Desfrute de at\u00e9 24 horas de reprodu\u00e7\u00e3o total com o estojo de carregamento, e at\u00e9 7 horas de uso cont\u00ednuo com a bateria dos fones.<\/span><\/p>\n<p>&nbsp;<\/p>\n<p>&nbsp;<\/p>\n<p class=\"Paragraph SCXW114994198 BCX8\"><span class=\"TextRun SCXW114994198 BCX8\" lang=\"PT-BR\" xml:lang=\"PT-BR\" data-contrast=\"auto\"><span class=\"NormalTextRun SCXW114994198 BCX8\">Nas chamadas, os 4 microfones integrados e a tecnologia\u00a0<\/span><span class=\"NormalTextRun SpellingErrorV2Themed SCXW114994198 BCX8\">anti-ru\u00eddo<\/span><span class=\"NormalTextRun SCXW114994198 BCX8\">\u00a0de vento garantem que sua voz seja captada com clareza, mesmo em ambientes barulhentos.<\/span><\/span><\/p>\n<p>&nbsp;<\/p>\n<p>&nbsp;<\/p>\n<p class=\"Paragraph SCXW114994198 BCX8\"><span class=\"TextRun SCXW114994198 BCX8\" lang=\"PT-BR\" xml:lang=\"PT-BR\" data-contrast=\"auto\"><span class=\"NormalTextRun SCXW114994198 BCX8\">A\u00a0<\/span><span class=\"NormalTextRun SCXW114994198 BCX8\">conex\u00e3o\u00a0<\/span><span class=\"NormalTextRun SpellingErrorV2Themed SCXW114994198 BCX8\">multi-ponto<\/span><span class=\"NormalTextRun SCXW114994198 BCX8\">\u00a0permite que voc\u00ea conecte o QCY\u00a0<\/span><span class=\"NormalTextRun SpellingErrorV2Themed SCXW114994198 BCX8\">MeloBuds<\/span>\u00a0<span class=\"NormalTextRun SpellingErrorV2Themed SCXW114994198 BCX8\">Neo<\/span><span class=\"NormalTextRun SCXW114994198 BCX8\">\u00a0a dois dispositivos simultaneamente, facilitando a altern\u00e2ncia entre eles com apenas um clique.<\/span><\/span><\/p>\n<p>&nbsp;<\/p>\n<p>&nbsp;<\/p>\n<p class=\"Paragraph SCXW114994198 BCX8\"><strong><span class=\"TextRun SCXW114994198 BCX8\" lang=\"PT-BR\" xml:lang=\"PT-BR\" data-contrast=\"auto\"><span class=\"NormalTextRun SCXW114994198 BCX8\">Descri\u00e7\u00e3o T\u00e9cnica:<\/span><\/span><\/strong><\/p>\n<p>&nbsp;<\/p>\n<p>&nbsp;<\/p>\n<p class=\"Paragraph SCXW114994198 BCX8\"><span class=\"TextRun SCXW114994198 BCX8\" lang=\"PT-BR\" xml:lang=\"PT-BR\" data-contrast=\"auto\">Vers\u00e3o do Bluetooth:<\/span><span class=\"TextRun SCXW114994198 BCX8\" lang=\"PT-BR\" xml:lang=\"PT-BR\" data-contrast=\"auto\">\u00a0<span class=\"NormalTextRun SCXW114994198 BCX8\">5.3, garantindo uma conex\u00e3o r\u00e1pida e est\u00e1vel.<\/span><\/span><\/p>\n<p>&nbsp;<\/p>\n<p>&nbsp;<\/p>\n<p class=\"Paragraph SCXW114994198 BCX8\"><span class=\"TextRun SCXW114994198 BCX8\" lang=\"PT-BR\" xml:lang=\"PT-BR\" data-contrast=\"auto\">Compatibilidade:<\/span><span class=\"TextRun SCXW114994198 BCX8\" lang=\"PT-BR\" xml:lang=\"PT-BR\" data-contrast=\"auto\">\u00a0Compat\u00edvel com dispositivos iOS e Android.<\/span><\/p>\n<p>&nbsp;<\/p>\n<p>&nbsp;<\/p>\n<p class=\"Paragraph SCXW114994198 BCX8\"><span class=\"TextRun SCXW114994198 BCX8\" lang=\"PT-BR\" xml:lang=\"PT-BR\" data-contrast=\"auto\">Dist\u00e2ncia de Transmiss\u00e3o:<\/span><span class=\"TextRun SCXW114994198 BCX8\" lang=\"PT-BR\" xml:lang=\"PT-BR\" data-contrast=\"auto\">\u00a0At\u00e9 10 metros em ambiente sem obst\u00e1culos.<\/span><\/p>\n<p>&nbsp;<\/p>\n<p>&nbsp;<\/p>\n<p class=\"Paragraph SCXW114994198 BCX8\"><span class=\"TextRun SCXW114994198 BCX8\" lang=\"PT-BR\" xml:lang=\"PT-BR\" data-contrast=\"auto\"><span class=\"NormalTextRun SCXW114994198 BCX8\">Vida \u00fatil da bateria<\/span><span class=\"NormalTextRun SCXW114994198 BCX8\">:<\/span><\/span><span class=\"TextRun SCXW114994198 BCX8\" lang=\"PT-BR\" xml:lang=\"PT-BR\" data-contrast=\"auto\">\u00a06 horas de reprodu\u00e7\u00e3o \u00fanica, 4 horas de chamada \u00fanica, bateria total de 24 horas com estojo.<\/span><\/p>\n<p>&nbsp;<\/p>\n<p>&nbsp;<\/p>\n<p class=\"Paragraph SCXW114994198 BCX8\"><span class=\"TextRun SCXW114994198 BCX8\" lang=\"PT-BR\" xml:lang=\"PT-BR\" data-contrast=\"auto\">Perfis do Bluetooth:<\/span><span class=\"TextRun SCXW114994198 BCX8\" lang=\"PT-BR\" xml:lang=\"PT-BR\" data-contrast=\"auto\">\u00a0Compat\u00edvel com HFP, A2DP e AVRCP.<\/span><\/p>\n<p>&nbsp;<\/p>\n<p>&nbsp;<\/p>\n<p class=\"Paragraph SCXW114994198 BCX8\"><span class=\"TextRun SCXW114994198 BCX8\" lang=\"PT-BR\" xml:lang=\"PT-BR\" data-contrast=\"auto\"><span class=\"NormalTextRun SCXW114994198 BCX8\">Capacidade da Bateria do Estojo:<\/span>\u00a0<\/span><span class=\"TextRun SCXW114994198 BCX8\" lang=\"PT-BR\" xml:lang=\"PT-BR\" data-contrast=\"auto\">350mAh, garantindo v\u00e1rias recargas completas para os fones.<\/span><\/p>\n<p>&nbsp;<\/p>\n<p>&nbsp;<\/p>\n<p class=\"Paragraph SCXW114994198 BCX8\"><span class=\"TextRun SCXW114994198 BCX8\" lang=\"PT-BR\" xml:lang=\"PT-BR\" data-contrast=\"auto\">Capacidade da Bateria dos Fones:<\/span><span class=\"TextRun SCXW114994198 BCX8\" lang=\"PT-BR\" xml:lang=\"PT-BR\" data-contrast=\"auto\">\u00a045mAh para cada fone, oferecendo autonomia s\u00f3lida para o dia a dia.<\/span><\/p>\n<p>&nbsp;<\/p>\n<p>&nbsp;<\/p>\n<p class=\"Paragraph SCXW114994198 BCX8\"><span class=\"TextRun SCXW114994198 BCX8\" lang=\"PT-BR\" xml:lang=\"PT-BR\" data-contrast=\"auto\"><span class=\"NormalTextRun SCXW114994198 BCX8\">Entrada de Carregamento:<\/span>\u00a0<\/span><span class=\"TextRun SCXW114994198 BCX8\" lang=\"PT-BR\" xml:lang=\"PT-BR\" data-contrast=\"auto\">Tipo-C, para carregamento r\u00e1pido e conveniente.<\/span><\/p>\n<p>&nbsp;<\/p>\n<p>&nbsp;<\/p>\n<p class=\"Paragraph SCXW114994198 BCX8\"><span class=\"TextRun SCXW114994198 BCX8\" lang=\"PT-BR\" xml:lang=\"PT-BR\" data-contrast=\"auto\"><span class=\"NormalTextRun SCXW114994198 BCX8\">Resist\u00eancia \u00e0 \u00c1gua:<\/span>\u00a0<\/span><span class=\"TextRun SCXW114994198 BCX8\" lang=\"PT-BR\" xml:lang=\"PT-BR\" data-contrast=\"auto\">Certifica\u00e7\u00e3o IPX5, protegendo contra respingos e suor durante exerc\u00edcios e atividades ao ar livre.<\/span><\/p>\n<p><strong>Acompanha na Caixa:<\/strong><\/p>\n<p>1x Fone de Ouvido Bluetooth QCY T31 Melobuds Neo;<\/p>\n<p class=\"Paragraph SCXW114994198 BCX8\"><span class=\"TextRun SCXW114994198 BCX8\" lang=\"PT-BR\" xml:lang=\"PT-BR\" data-contrast=\"auto\">2x Ponteira Extras (P &amp; G);<br \/>\n<\/span><\/p>\n<p class=\"Paragraph SCXW114994198 BCX8\"><span class=\"TextRun SCXW114994198 BCX8\" lang=\"PT-BR\" xml:lang=\"PT-BR\" data-contrast=\"auto\">1x Cabo USB-C para Carregamento;<br \/>\n<\/span><\/p>\n<p class=\"Paragraph SCXW114994198 BCX8\"><span class=\"TextRun SCXW114994198 BCX8\" lang=\"PT-BR\" xml:lang=\"PT-BR\" data-contrast=\"auto\">1x Manual de Usu\u00e1rio em Portugu\u00eas.<\/span><\/p>\n<\/div>\n<\/div>\n","protected":false},"excerpt":{"rendered":"<p>Conhe\u00e7a mais sobre o QCY T31 Melobuds Neo Vis\u00e3o geralEspecifica\u00e7\u00f5es t\u00e9cnicas &nbsp; Experimente o\u00a0QCY\u00a0MeloBuds\u00a0Neo\u00a0(T31), um fone de ouvido que combina estilo e tecnologia para uma experi\u00eancia de \u00e1udio \u00fanica. Com um estojo de carregamento transparente e um design moderno inspirado na tecnologia, o QCY\u00a0MeloBuds\u00a0Neo\u00a0\u00e9 um acess\u00f3rio que se destaca. &nbsp; &nbsp; Acompanhe o n\u00edvel da [&hellip;]<\/p>\n","protected":false},"featured_media":7207,"comment_status":"open","ping_status":"closed","template":"","meta":[],"product_brand":[],"product_cat":[92],"product_tag":[],"class_list":{"0":"post-7206","1":"product","2":"type-product","3":"status-publish","4":"has-post-thumbnail","6":"product_cat-earbuds","8":"first","9":"instock","10":"sale","11":"shipping-taxable","12":"purchasable","13":"product-type-variable"},"_links":{"self":[{"href":"https:\/\/www.qcygroup.com\/index.php\/wp-json\/wp\/v2\/product\/7206","targetHints":{"allow":["GET"]}}],"collection":[{"href":"https:\/\/www.qcygroup.com\/index.php\/wp-json\/wp\/v2\/product"}],"about":[{"href":"https:\/\/www.qcygroup.com\/index.php\/wp-json\/wp\/v2\/types\/product"}],"replies":[{"embeddable":true,"href":"https:\/\/www.qcygroup.com\/index.php\/wp-json\/wp\/v2\/comments?post=7206"}],"wp:featuredmedia":[{"embeddable":true,"href":"https:\/\/www.qcygroup.com\/index.php\/wp-json\/wp\/v2\/media\/7207"}],"wp:attachment":[{"href":"https:\/\/www.qcygroup.com\/index.php\/wp-json\/wp\/v2\/media?parent=7206"}],"wp:term":[{"taxonomy":"product_brand","embeddable":true,"href":"https:\/\/www.qcygroup.com\/index.php\/wp-json\/wp\/v2\/product_brand?post=7206"},{"taxonomy":"product_cat","embeddable":true,"href":"https:\/\/www.qcygroup.com\/index.php\/wp-json\/wp\/v2\/product_cat?post=7206"},{"taxonomy":"product_tag","embeddable":true,"href":"https:\/\/www.qcygroup.com\/index.php\/wp-json\/wp\/v2\/product_tag?post=7206"}],"curies":[{"name":"wp","href":"https:\/\/api.w.org\/{rel}","templated":true}]}}